{"id":922,"date":"2018-06-26T10:17:40","date_gmt":"2018-06-26T10:17:40","guid":{"rendered":"http:\/\/www.marquesmater.pt\/novo\/?post_type=product&#038;p=922"},"modified":"2026-03-19T12:58:48","modified_gmt":"2026-03-19T12:58:48","slug":"berbequim-sem-fios-18-v","status":"publish","type":"product","link":"https:\/\/www.marquesmater.pt\/novo\/produto\/berbequim-sem-fios-18-v\/","title":{"rendered":"Berbequim sem fios 18 V"},"content":{"rendered":"<h2>ESPECIFICA\u00c7\u00d5ES T\u00c9CNICAS<\/h2>\n<h3>DADOS T\u00c9CNICOS<\/h3>\n<div>\n<table class=\"table\">\n<tbody>\n<tr>\n<td>Largura<\/td>\n<td><strong>100 mm<\/strong><\/td>\n<\/tr>\n<tr>\n<td>Comprimento<\/td>\n<td><strong>305 mm<\/strong><\/td>\n<\/tr>\n<tr>\n<td>Altura<\/td>\n<td><strong>305 mm<\/strong><\/td>\n<\/tr>\n<tr>\n<td>Peso do produto<\/td>\n<td><strong>1.676 kg<\/strong><\/td>\n<\/tr>\n<tr>\n<td>Peso com caixa<\/td>\n<td><strong>3.496 kg<\/strong><\/td>\n<\/tr>\n<tr>\n<td>Tens\u00e3o nominal<\/td>\n<td><strong>18 V<\/strong><\/td>\n<\/tr>\n<tr>\n<td>Capacidade da bateria<\/td>\n<td><strong>2 Ah<\/strong><\/td>\n<\/tr>\n<tr>\n<td>Tempo de carga<\/td>\n<td><strong>1 h<\/strong><\/td>\n<\/tr>\n<tr>\n<td>Velocidades<\/td>\n<td><strong>2<\/strong><\/td>\n<\/tr>\n<tr>\n<td>Velocidade de rota\u00e7\u00e3o em vazio &#8211; 1\u00aa velocidade<\/td>\n<td><strong>0 &#8211; 400 rpm<\/strong><\/td>\n<\/tr>\n<tr>\n<td>Velocidade de rota\u00e7\u00e3o em vazio &#8211; 2\u00aa velocidade<\/td>\n<td><strong>0 &#8211; 1550 rpm<\/strong><\/td>\n<\/tr>\n<tr>\n<td>Frequ\u00eancia de impacto &#8211; 1\u00aa velocidade<\/td>\n<td><strong>0 &#8211; 6000 ipm<\/strong><\/td>\n<\/tr>\n<tr>\n<td>Frequ\u00eancia de impacto &#8211; 2\u00aa velocidade<\/td>\n<td><strong>0 &#8211; 22500 ipm<\/strong><\/td>\n<\/tr>\n<tr>\n<td>Bin\u00e1rio m\u00e1ximo<\/td>\n<td><strong>56 Nm<\/strong><\/td>\n<\/tr>\n<tr>\n<td>Posi\u00e7\u00f5es de ajuste do bin\u00e1rio<\/td>\n<td><strong>25 + 1 + 1<\/strong><\/td>\n<\/tr>\n<tr>\n<td>Capacidade da bucha de aperto r\u00e1pido<\/td>\n<td><strong>13 mm<\/strong><\/td>\n<\/tr>\n<tr>\n<td>Perfura\u00e7\u00e3o em a\u00e7o<\/td>\n<td><strong>13 mm<\/strong><\/td>\n<\/tr>\n<tr>\n<td>Perfura\u00e7\u00e3o em blocos de bet\u00e3o<\/td>\n<td><strong>10 mm<\/strong><\/td>\n<\/tr>\n<tr>\n<td>Perfura\u00e7\u00e3o em madeira<\/td>\n<td><strong>30 mm<\/strong><\/td>\n<\/tr>\n<tr>\n<td>N\u00edvel de pot\u00eancia sonora (LWA)<\/td>\n<td><strong>81 dB(A), k = 3<\/strong><\/td>\n<\/tr>\n<tr>\n<td>Bateria de l\u00edtio sem efeito de mem\u00f3ria<\/td>\n<td><strong>Sim<\/strong><\/td>\n<\/tr>\n<tr>\n<td>Velocidade vari\u00e1vel<\/td>\n<td><strong>Sim<\/strong><\/td>\n<\/tr>\n<tr>\n<td>Sentido de rota\u00e7\u00e3o revers\u00edvel<\/td>\n<td><strong>Sim<\/strong><\/td>\n<\/tr>\n<tr>\n<td>Paragem r\u00e1pida<\/td>\n<td><strong>Sim<\/strong><\/td>\n<\/tr>\n<tr>\n<td>Bucha met\u00e1lica de aperto r\u00e1pido<\/td>\n<td><strong>Sim<\/strong><\/td>\n<\/tr>\n<tr>\n<td>Bloqueio do eixo de rota\u00e7\u00e3o<\/td>\n<td><strong>Sim<\/strong><\/td>\n<\/tr>\n<tr>\n<td>Perfura\u00e7\u00e3o com impacto (fun\u00e7\u00e3o martelo)<\/td>\n<td><strong>Sim<\/strong><\/td>\n<\/tr>\n<\/tbody>\n<\/table>\n<\/div>\n","protected":false},"excerpt":{"rendered":"<p>ESPECIFICA\u00c7\u00d5ES T\u00c9CNICAS DADOS T\u00c9CNICOS Largura 100 mm Comprimento 305 mm Altura 305 mm Peso do produto 1.676 kg Peso com caixa 3.496 kg Tens\u00e3o nominal 18 V Capacidade da bateria 2 Ah Tempo de carga 1 h Velocidades 2 Velocidade de rota\u00e7\u00e3o em vazio &#8211; 1\u00aa velocidade 0 &#8211; 400 rpm Velocidade de rota\u00e7\u00e3o em [&hellip;]<\/p>\n","protected":false},"featured_media":923,"template":"","meta":{"_et_pb_use_builder":"","_et_pb_old_content":"","_et_gb_content_width":""},"product_brand":[],"product_cat":[67,173],"product_tag":[],"class_list":{"0":"post-922","1":"product","2":"type-product","3":"status-publish","4":"has-post-thumbnail","6":"product_cat-berbequins","7":"product_cat-vito","9":"first","10":"outofstock","11":"shipping-taxable","12":"purchasable","13":"product-type-simple"},"_links":{"self":[{"href":"https:\/\/www.marquesmater.pt\/novo\/wp-json\/wp\/v2\/product\/922","targetHints":{"allow":["GET"]}}],"collection":[{"href":"https:\/\/www.marquesmater.pt\/novo\/wp-json\/wp\/v2\/product"}],"about":[{"href":"https:\/\/www.marquesmater.pt\/novo\/wp-json\/wp\/v2\/types\/product"}],"wp:featuredmedia":[{"embeddable":true,"href":"https:\/\/www.marquesmater.pt\/novo\/wp-json\/wp\/v2\/media\/923"}],"wp:attachment":[{"href":"https:\/\/www.marquesmater.pt\/novo\/wp-json\/wp\/v2\/media?parent=922"}],"wp:term":[{"taxonomy":"product_brand","embeddable":true,"href":"https:\/\/www.marquesmater.pt\/novo\/wp-json\/wp\/v2\/product_brand?post=922"},{"taxonomy":"product_cat","embeddable":true,"href":"https:\/\/www.marquesmater.pt\/novo\/wp-json\/wp\/v2\/product_cat?post=922"},{"taxonomy":"product_tag","embeddable":true,"href":"https:\/\/www.marquesmater.pt\/novo\/wp-json\/wp\/v2\/product_tag?post=922"}],"curies":[{"name":"wp","href":"https:\/\/api.w.org\/{rel}","templated":true}]}}