{"id":622,"date":"2018-06-22T16:46:54","date_gmt":"2018-06-22T16:46:54","guid":{"rendered":"http:\/\/www.marquesmater.pt\/novo\/?post_type=product&#038;p=622"},"modified":"2025-10-08T11:51:58","modified_gmt":"2025-10-08T10:51:58","slug":"painel-led-quadrado-branco","status":"publish","type":"product","link":"https:\/\/www.marquesmater.pt\/novo\/produto\/painel-led-quadrado-branco\/","title":{"rendered":"Painel LED quadrado branco"},"content":{"rendered":"<p>12 W 850 6000K<\/p>\n","protected":false},"excerpt":{"rendered":"<p><strong>**Promo\u00e7\u00e3o v\u00e1lida de 06 de Novembro a 31 de Dezembro de 2023<\/strong><\/p>\n","protected":false},"featured_media":623,"template":"","meta":{"_et_pb_use_builder":"","_et_pb_old_content":"","_et_gb_content_width":""},"product_brand":[],"product_cat":[174,76],"product_tag":[],"class_list":{"0":"post-622","1":"product","2":"type-product","3":"status-publish","4":"has-post-thumbnail","6":"product_cat-aslo","7":"product_cat-iluminacao","9":"first","10":"instock","11":"shipping-taxable","12":"purchasable","13":"product-type-simple"},"_links":{"self":[{"href":"https:\/\/www.marquesmater.pt\/novo\/wp-json\/wp\/v2\/product\/622","targetHints":{"allow":["GET"]}}],"collection":[{"href":"https:\/\/www.marquesmater.pt\/novo\/wp-json\/wp\/v2\/product"}],"about":[{"href":"https:\/\/www.marquesmater.pt\/novo\/wp-json\/wp\/v2\/types\/product"}],"wp:featuredmedia":[{"embeddable":true,"href":"https:\/\/www.marquesmater.pt\/novo\/wp-json\/wp\/v2\/media\/623"}],"wp:attachment":[{"href":"https:\/\/www.marquesmater.pt\/novo\/wp-json\/wp\/v2\/media?parent=622"}],"wp:term":[{"taxonomy":"product_brand","embeddable":true,"href":"https:\/\/www.marquesmater.pt\/novo\/wp-json\/wp\/v2\/product_brand?post=622"},{"taxonomy":"product_cat","embeddable":true,"href":"https:\/\/www.marquesmater.pt\/novo\/wp-json\/wp\/v2\/product_cat?post=622"},{"taxonomy":"product_tag","embeddable":true,"href":"https:\/\/www.marquesmater.pt\/novo\/wp-json\/wp\/v2\/product_tag?post=622"}],"curies":[{"name":"wp","href":"https:\/\/api.w.org\/{rel}","templated":true}]}}