{"id":4171,"date":"2025-04-28T11:43:17","date_gmt":"2025-04-28T10:43:17","guid":{"rendered":"https:\/\/www.marquesmater.pt\/novo\/?post_type=product&#038;p=4171"},"modified":"2025-05-13T17:20:38","modified_gmt":"2025-05-13T16:20:38","slug":"medidor-distancias-laser-20mt","status":"publish","type":"product","link":"https:\/\/www.marquesmater.pt\/novo\/produto\/medidor-distancias-laser-20mt\/","title":{"rendered":"FITA METRICA MEDIDOR LASER 40M"},"content":{"rendered":"<p>A Fita M\u00e9trica com Medidor Laser VITO (VIFMML40) mede at\u00e9 40 metros, sendo indicada para ambientes internos e externos.<br \/>\nAlcance at\u00e9 40 metros: ideal para interiores e exteriores;<br \/>\nC\u00e1lculo autom\u00e1tico: medi\u00e7\u00f5es r\u00e1pidas de \u00e1reas e volumes;<br \/>\nBot\u00e3o de medi\u00e7\u00e3o incorporado: permite realizar medi\u00e7\u00f5es r\u00e1pidas com um \u00fanico toque;<br \/>\nVisor iluminado: leitura clara em qualquer luz;<br \/>\nGancho magn\u00e9tico: maior durabilidade e prote\u00e7\u00e3o;<br \/>\nPossibilidade de escolher a linha base frontal \/traseira;<br \/>\nCertifica\u00e7\u00e3o IP54: ideal para ambientes de trabalho exigentes, resistente a poeira e \u00e1gua.<\/p>\n","protected":false},"excerpt":{"rendered":"<p>A Fita M\u00e9trica com Medidor Laser VITO (VIFMML40) mede at\u00e9 40 metros, sendo indicada para ambientes internos e externos. Alcance at\u00e9 40 metros: ideal para interiores e exteriores; C\u00e1lculo autom\u00e1tico: medi\u00e7\u00f5es r\u00e1pidas de \u00e1reas e volumes; Bot\u00e3o de medi\u00e7\u00e3o incorporado: permite realizar medi\u00e7\u00f5es r\u00e1pidas com um \u00fanico toque; Visor iluminado: leitura clara em qualquer luz; [&hellip;]<\/p>\n","protected":false},"featured_media":4172,"template":"","meta":{"_et_pb_use_builder":"","_et_pb_old_content":"","_et_gb_content_width":""},"product_brand":[],"product_cat":[32,173],"product_tag":[],"class_list":{"0":"post-4171","1":"product","2":"type-product","3":"status-publish","4":"has-post-thumbnail","6":"product_cat-ferramentas","7":"product_cat-vito","9":"first","10":"instock","11":"shipping-taxable","12":"purchasable","13":"product-type-simple"},"_links":{"self":[{"href":"https:\/\/www.marquesmater.pt\/novo\/wp-json\/wp\/v2\/product\/4171","targetHints":{"allow":["GET"]}}],"collection":[{"href":"https:\/\/www.marquesmater.pt\/novo\/wp-json\/wp\/v2\/product"}],"about":[{"href":"https:\/\/www.marquesmater.pt\/novo\/wp-json\/wp\/v2\/types\/product"}],"wp:featuredmedia":[{"embeddable":true,"href":"https:\/\/www.marquesmater.pt\/novo\/wp-json\/wp\/v2\/media\/4172"}],"wp:attachment":[{"href":"https:\/\/www.marquesmater.pt\/novo\/wp-json\/wp\/v2\/media?parent=4171"}],"wp:term":[{"taxonomy":"product_brand","embeddable":true,"href":"https:\/\/www.marquesmater.pt\/novo\/wp-json\/wp\/v2\/product_brand?post=4171"},{"taxonomy":"product_cat","embeddable":true,"href":"https:\/\/www.marquesmater.pt\/novo\/wp-json\/wp\/v2\/product_cat?post=4171"},{"taxonomy":"product_tag","embeddable":true,"href":"https:\/\/www.marquesmater.pt\/novo\/wp-json\/wp\/v2\/product_tag?post=4171"}],"curies":[{"name":"wp","href":"https:\/\/api.w.org\/{rel}","templated":true}]}}