{"id":4001,"date":"2024-10-24T15:42:41","date_gmt":"2024-10-24T15:42:41","guid":{"rendered":"https:\/\/www.marquesmater.pt\/novo\/?post_type=product&#038;p=4001"},"modified":"2026-03-18T17:51:34","modified_gmt":"2026-03-18T17:51:34","slug":"limpa-chamines-10x50gr-triclean","status":"publish","type":"product","link":"https:\/\/www.marquesmater.pt\/novo\/produto\/limpa-chamines-10x50gr-triclean\/","title":{"rendered":"Limpa Chamin\u00e9s 10X50Gr Triclean"},"content":{"rendered":"<p>Triclean c<\/p>\n<p>Produto de limpeza e manuten\u00e7\u00e3o para chamin\u00e9s, livre de enxofre. Num manuseamento f\u00e1cil, seguro e sem desperd\u00edcios, \u00e9 distribu\u00eddo em doses individuais (caixas com 10 doses), ou em boi\u00f5es com 1 Kg. Ao ser aplicado sobre o fogo, liberta gases que atuam quimicamente sobre o creosote depositado nas paredes da chamin\u00e9, dissolvendo e garantindo a longevidade, rentabilidade, melhor tiragem e a seguran\u00e7a desej\u00e1vel contra o risco de inc\u00eandio em chamin\u00e9s de equipamentos de fogo aberto ou fechado (lareiras, recuperadores, salamandras, caldeiras, etc.)<\/p>\n","protected":false},"excerpt":{"rendered":"<p>Triclean c Produto de limpeza e manuten\u00e7\u00e3o para chamin\u00e9s, livre de enxofre. Num manuseamento f\u00e1cil, seguro e sem desperd\u00edcios, \u00e9 distribu\u00eddo em doses individuais (caixas com 10 doses), ou em boi\u00f5es com 1 Kg. Ao ser aplicado sobre o fogo, liberta gases que atuam quimicamente sobre o creosote depositado nas paredes da chamin\u00e9, dissolvendo e [&hellip;]<\/p>\n","protected":false},"featured_media":4002,"template":"","meta":{"_et_pb_use_builder":"","_et_pb_old_content":"","_et_gb_content_width":""},"product_brand":[],"product_cat":[285,287],"product_tag":[],"class_list":{"0":"post-4001","1":"product","2":"type-product","3":"status-publish","4":"has-post-thumbnail","6":"product_cat-aquecimento-climatizacao","7":"product_cat-limpeza-preparacao","9":"first","10":"instock","11":"shipping-taxable","12":"purchasable","13":"product-type-simple"},"_links":{"self":[{"href":"https:\/\/www.marquesmater.pt\/novo\/wp-json\/wp\/v2\/product\/4001","targetHints":{"allow":["GET"]}}],"collection":[{"href":"https:\/\/www.marquesmater.pt\/novo\/wp-json\/wp\/v2\/product"}],"about":[{"href":"https:\/\/www.marquesmater.pt\/novo\/wp-json\/wp\/v2\/types\/product"}],"wp:featuredmedia":[{"embeddable":true,"href":"https:\/\/www.marquesmater.pt\/novo\/wp-json\/wp\/v2\/media\/4002"}],"wp:attachment":[{"href":"https:\/\/www.marquesmater.pt\/novo\/wp-json\/wp\/v2\/media?parent=4001"}],"wp:term":[{"taxonomy":"product_brand","embeddable":true,"href":"https:\/\/www.marquesmater.pt\/novo\/wp-json\/wp\/v2\/product_brand?post=4001"},{"taxonomy":"product_cat","embeddable":true,"href":"https:\/\/www.marquesmater.pt\/novo\/wp-json\/wp\/v2\/product_cat?post=4001"},{"taxonomy":"product_tag","embeddable":true,"href":"https:\/\/www.marquesmater.pt\/novo\/wp-json\/wp\/v2\/product_tag?post=4001"}],"curies":[{"name":"wp","href":"https:\/\/api.w.org\/{rel}","templated":true}]}}