{"id":3997,"date":"2024-10-24T14:49:32","date_gmt":"2024-10-24T14:49:32","guid":{"rendered":"https:\/\/www.marquesmater.pt\/novo\/?post_type=product&#038;p=3997"},"modified":"2026-03-18T17:52:11","modified_gmt":"2026-03-18T17:52:11","slug":"tronco-limpeza-de-chamines","status":"publish","type":"product","link":"https:\/\/www.marquesmater.pt\/novo\/produto\/tronco-limpeza-de-chamines\/","title":{"rendered":"Tronco limpeza de chamin\u00e9s"},"content":{"rendered":"<p>Tronco para limpeza qu\u00edmica das condutas de equa\u00e7\u00e3o.<br \/>\nPrevine e elimina acumula\u00e7\u00e3o de fuligem, resinas e incrusta\u00e7\u00f5es.<\/p>\n","protected":false},"excerpt":{"rendered":"<p>Tronco para limpeza qu\u00edmica das condutas de equa\u00e7\u00e3o. Previne e elimina acumula\u00e7\u00e3o de fuligem, resinas e incrusta\u00e7\u00f5es.<\/p>\n","protected":false},"featured_media":3998,"template":"","meta":{"_et_pb_use_builder":"","_et_pb_old_content":"","_et_gb_content_width":""},"product_brand":[],"product_cat":[285,287],"product_tag":[],"class_list":{"0":"post-3997","1":"product","2":"type-product","3":"status-publish","4":"has-post-thumbnail","6":"product_cat-aquecimento-climatizacao","7":"product_cat-limpeza-preparacao","9":"first","10":"outofstock","11":"shipping-taxable","12":"purchasable","13":"product-type-simple"},"_links":{"self":[{"href":"https:\/\/www.marquesmater.pt\/novo\/wp-json\/wp\/v2\/product\/3997","targetHints":{"allow":["GET"]}}],"collection":[{"href":"https:\/\/www.marquesmater.pt\/novo\/wp-json\/wp\/v2\/product"}],"about":[{"href":"https:\/\/www.marquesmater.pt\/novo\/wp-json\/wp\/v2\/types\/product"}],"wp:featuredmedia":[{"embeddable":true,"href":"https:\/\/www.marquesmater.pt\/novo\/wp-json\/wp\/v2\/media\/3998"}],"wp:attachment":[{"href":"https:\/\/www.marquesmater.pt\/novo\/wp-json\/wp\/v2\/media?parent=3997"}],"wp:term":[{"taxonomy":"product_brand","embeddable":true,"href":"https:\/\/www.marquesmater.pt\/novo\/wp-json\/wp\/v2\/product_brand?post=3997"},{"taxonomy":"product_cat","embeddable":true,"href":"https:\/\/www.marquesmater.pt\/novo\/wp-json\/wp\/v2\/product_cat?post=3997"},{"taxonomy":"product_tag","embeddable":true,"href":"https:\/\/www.marquesmater.pt\/novo\/wp-json\/wp\/v2\/product_tag?post=3997"}],"curies":[{"name":"wp","href":"https:\/\/api.w.org\/{rel}","templated":true}]}}