{"id":3992,"date":"2024-10-24T14:37:55","date_gmt":"2024-10-24T14:37:55","guid":{"rendered":"https:\/\/www.marquesmater.pt\/novo\/?post_type=product&#038;p=3992"},"modified":"2024-10-24T14:38:04","modified_gmt":"2024-10-24T14:38:04","slug":"limpa-chamines-saquetas","status":"publish","type":"product","link":"https:\/\/www.marquesmater.pt\/novo\/produto\/limpa-chamines-saquetas\/","title":{"rendered":"Limpa chamin\u00e9s saquetas"},"content":{"rendered":"<p>Previne, elimina acumula\u00e7\u00e3o de fuligem, resinas, gorduras, incrusta\u00e7\u00f5es em lareiras e salamandras, usado regularmente ajuda a manter a conduta limpa, evitando eventuais entupimentos e inc\u00eandios nas chamin\u00e9s. Manter as instala\u00e7\u00f5es limpas, representa uma poupan\u00e7a de cerca de 30% de combust\u00edvel.<\/p>\n","protected":false},"excerpt":{"rendered":"<p>Previne, elimina acumula\u00e7\u00e3o de fuligem, resinas, gorduras, incrusta\u00e7\u00f5es em lareiras e salamandras, usado regularmente ajuda a manter a conduta limpa, evitando eventuais entupimentos e inc\u00eandios nas chamin\u00e9s. Manter as instala\u00e7\u00f5es limpas, representa uma poupan\u00e7a de cerca de 30% de combust\u00edvel.<\/p>\n","protected":false},"featured_media":3993,"template":"","meta":{"_et_pb_use_builder":"","_et_pb_old_content":"","_et_gb_content_width":""},"product_brand":[],"product_cat":[285,287,286],"product_tag":[],"class_list":{"0":"post-3992","1":"product","2":"type-product","3":"status-publish","4":"has-post-thumbnail","6":"product_cat-aquecimento-climatizacao","7":"product_cat-limpeza-preparacao","8":"product_cat-salamandra-recuperadores","10":"first","11":"instock","12":"shipping-taxable","13":"purchasable","14":"product-type-simple"},"_links":{"self":[{"href":"https:\/\/www.marquesmater.pt\/novo\/wp-json\/wp\/v2\/product\/3992","targetHints":{"allow":["GET"]}}],"collection":[{"href":"https:\/\/www.marquesmater.pt\/novo\/wp-json\/wp\/v2\/product"}],"about":[{"href":"https:\/\/www.marquesmater.pt\/novo\/wp-json\/wp\/v2\/types\/product"}],"wp:featuredmedia":[{"embeddable":true,"href":"https:\/\/www.marquesmater.pt\/novo\/wp-json\/wp\/v2\/media\/3993"}],"wp:attachment":[{"href":"https:\/\/www.marquesmater.pt\/novo\/wp-json\/wp\/v2\/media?parent=3992"}],"wp:term":[{"taxonomy":"product_brand","embeddable":true,"href":"https:\/\/www.marquesmater.pt\/novo\/wp-json\/wp\/v2\/product_brand?post=3992"},{"taxonomy":"product_cat","embeddable":true,"href":"https:\/\/www.marquesmater.pt\/novo\/wp-json\/wp\/v2\/product_cat?post=3992"},{"taxonomy":"product_tag","embeddable":true,"href":"https:\/\/www.marquesmater.pt\/novo\/wp-json\/wp\/v2\/product_tag?post=3992"}],"curies":[{"name":"wp","href":"https:\/\/api.w.org\/{rel}","templated":true}]}}