{"id":3986,"date":"2024-10-24T13:28:58","date_gmt":"2024-10-24T13:28:58","guid":{"rendered":"https:\/\/www.marquesmater.pt\/novo\/?post_type=product&#038;p=3986"},"modified":"2025-10-13T15:14:24","modified_gmt":"2025-10-13T14:14:24","slug":"kit-de-calafetagem","status":"publish","type":"product","link":"https:\/\/www.marquesmater.pt\/novo\/produto\/kit-de-calafetagem\/","title":{"rendered":"Kit de calafetagem"},"content":{"rendered":"<p>Para juntas de portas de recuperadores de calor, salamandras, fornos, etc. Resiste a temperaturas at\u00e9 aos 1100\u00baC.<br \/>\nExistem quatro tamanhos, \u00f86mm, \u00f88mm, \u00f810mm, e \u00f812mm<br \/>\nCada Kit cont\u00e9m: 1 tubo de cola + 2,5m de cord\u00e3o fibra de vidro tricotado.<\/p>\n","protected":false},"excerpt":{"rendered":"<p>Para juntas de portas de recuperadores de calor, salamandras, fornos, etc. Resiste a temperaturas at\u00e9 aos 1100\u00baC. Existem quatro tamanhos, \u00f86mm, \u00f88mm, \u00f810mm, e \u00f812mm Cada Kit cont\u00e9m: 1 tubo de cola + 2,5m de cord\u00e3o fibra de vidro tricotado.<\/p>\n","protected":false},"featured_media":3988,"template":"","meta":{"_et_pb_use_builder":"","_et_pb_old_content":"","_et_gb_content_width":""},"product_brand":[],"product_cat":[285,286],"product_tag":[],"class_list":{"0":"post-3986","1":"product","2":"type-product","3":"status-publish","4":"has-post-thumbnail","6":"product_cat-aquecimento-climatizacao","7":"product_cat-salamandra-recuperadores","9":"first","10":"instock","11":"shipping-taxable","12":"purchasable","13":"product-type-variable"},"_links":{"self":[{"href":"https:\/\/www.marquesmater.pt\/novo\/wp-json\/wp\/v2\/product\/3986","targetHints":{"allow":["GET"]}}],"collection":[{"href":"https:\/\/www.marquesmater.pt\/novo\/wp-json\/wp\/v2\/product"}],"about":[{"href":"https:\/\/www.marquesmater.pt\/novo\/wp-json\/wp\/v2\/types\/product"}],"wp:featuredmedia":[{"embeddable":true,"href":"https:\/\/www.marquesmater.pt\/novo\/wp-json\/wp\/v2\/media\/3988"}],"wp:attachment":[{"href":"https:\/\/www.marquesmater.pt\/novo\/wp-json\/wp\/v2\/media?parent=3986"}],"wp:term":[{"taxonomy":"product_brand","embeddable":true,"href":"https:\/\/www.marquesmater.pt\/novo\/wp-json\/wp\/v2\/product_brand?post=3986"},{"taxonomy":"product_cat","embeddable":true,"href":"https:\/\/www.marquesmater.pt\/novo\/wp-json\/wp\/v2\/product_cat?post=3986"},{"taxonomy":"product_tag","embeddable":true,"href":"https:\/\/www.marquesmater.pt\/novo\/wp-json\/wp\/v2\/product_tag?post=3986"}],"curies":[{"name":"wp","href":"https:\/\/api.w.org\/{rel}","templated":true}]}}