{"id":3983,"date":"2024-10-23T16:48:12","date_gmt":"2024-10-23T16:48:12","guid":{"rendered":"https:\/\/www.marquesmater.pt\/novo\/?post_type=product&#038;p=3983"},"modified":"2026-03-18T17:54:21","modified_gmt":"2026-03-18T17:54:21","slug":"pega-tudo-cristal-290ml","status":"publish","type":"product","link":"https:\/\/www.marquesmater.pt\/novo\/produto\/pega-tudo-cristal-290ml\/","title":{"rendered":"Pega Tudo Cristal 290ml"},"content":{"rendered":"<p>Selante adesivo de constru\u00e7\u00e3o monocomponente, cura neutra, el\u00e1stico e cristalino de elevada qualidade, \u00e0 base de um pol\u00edmero MS.<\/p>\n<p>Aplica\u00e7\u00f5es<br \/>\nAplica\u00e7\u00f5es de colagens na constru\u00e7\u00e3o, metal\u00fargia e vidreira<br \/>\nColagem el\u00e1stica em constru\u00e7\u00f5es de distintos tipos<br \/>\nColagem de materiais transparente como vidro, PC e PMMA<\/p>\n","protected":false},"excerpt":{"rendered":"<p>Selante adesivo de constru\u00e7\u00e3o monocomponente, cura neutra, el\u00e1stico e cristalino de elevada qualidade, \u00e0 base de um pol\u00edmero MS. Aplica\u00e7\u00f5es Aplica\u00e7\u00f5es de colagens na constru\u00e7\u00e3o, metal\u00fargia e vidreira Colagem el\u00e1stica em constru\u00e7\u00f5es de distintos tipos Colagem de materiais transparente como vidro, PC e PMMA<\/p>\n","protected":false},"featured_media":3984,"template":"","meta":{"_et_pb_use_builder":"","_et_pb_old_content":"","_et_gb_content_width":""},"product_brand":[],"product_cat":[279,282,281],"product_tag":[],"class_list":{"0":"post-3983","1":"product","2":"type-product","3":"status-publish","4":"has-post-thumbnail","6":"product_cat-fixacao-quimica","7":"product_cat-selante","8":"product_cat-soudal","10":"first","11":"instock","12":"shipping-taxable","13":"purchasable","14":"product-type-simple"},"_links":{"self":[{"href":"https:\/\/www.marquesmater.pt\/novo\/wp-json\/wp\/v2\/product\/3983","targetHints":{"allow":["GET"]}}],"collection":[{"href":"https:\/\/www.marquesmater.pt\/novo\/wp-json\/wp\/v2\/product"}],"about":[{"href":"https:\/\/www.marquesmater.pt\/novo\/wp-json\/wp\/v2\/types\/product"}],"wp:featuredmedia":[{"embeddable":true,"href":"https:\/\/www.marquesmater.pt\/novo\/wp-json\/wp\/v2\/media\/3984"}],"wp:attachment":[{"href":"https:\/\/www.marquesmater.pt\/novo\/wp-json\/wp\/v2\/media?parent=3983"}],"wp:term":[{"taxonomy":"product_brand","embeddable":true,"href":"https:\/\/www.marquesmater.pt\/novo\/wp-json\/wp\/v2\/product_brand?post=3983"},{"taxonomy":"product_cat","embeddable":true,"href":"https:\/\/www.marquesmater.pt\/novo\/wp-json\/wp\/v2\/product_cat?post=3983"},{"taxonomy":"product_tag","embeddable":true,"href":"https:\/\/www.marquesmater.pt\/novo\/wp-json\/wp\/v2\/product_tag?post=3983"}],"curies":[{"name":"wp","href":"https:\/\/api.w.org\/{rel}","templated":true}]}}