{"id":3975,"date":"2024-10-23T16:22:11","date_gmt":"2024-10-23T16:22:11","guid":{"rendered":"https:\/\/www.marquesmater.pt\/novo\/?post_type=product&#038;p=3975"},"modified":"2026-03-18T17:55:21","modified_gmt":"2026-03-18T17:55:21","slug":"espuma-multiusos-universal-1k-manual","status":"publish","type":"product","link":"https:\/\/www.marquesmater.pt\/novo\/produto\/espuma-multiusos-universal-1k-manual\/","title":{"rendered":"Espuma Multiusos Universal 1K [Manual]"},"content":{"rendered":"<p>Espuma de poliuretano manual<br \/>\nEspuma de preenchimento \u00e0 base de poliuretano (PU) de aplica\u00e7\u00e3o manual. Ideal para preencher buracos e cavidades, tanto no exterior como no interior. Possui um elevado rendimento adicional. Poder de isolamento: \u00b1 0.04W\/m.K<\/p>\n<p>Aplica\u00e7\u00f5es<br \/>\nEnchimento de cavidades Selagem de todas as aberturas em constru\u00e7\u00f5es do telhado Instala\u00e7\u00e3o de uma barreira ac\u00fastica Melhora o isolamento t\u00e9rmico em sistema de arrefecimento Todas as aplica\u00e7\u00f5es de espuma em juntas est\u00e1ticas e m\u00f3veis<\/p>\n","protected":false},"excerpt":{"rendered":"<p>Espuma de poliuretano manual Espuma de preenchimento \u00e0 base de poliuretano (PU) de aplica\u00e7\u00e3o manual. Ideal para preencher buracos e cavidades, tanto no exterior como no interior. Possui um elevado rendimento adicional. Poder de isolamento: \u00b1 0.04W\/m.K Aplica\u00e7\u00f5es Enchimento de cavidades Selagem de todas as aberturas em constru\u00e7\u00f5es do telhado Instala\u00e7\u00e3o de uma barreira ac\u00fastica [&hellip;]<\/p>\n","protected":false},"featured_media":3979,"template":"","meta":{"_et_pb_use_builder":"","_et_pb_old_content":"","_et_gb_content_width":""},"product_brand":[],"product_cat":[284,279,281],"product_tag":[],"class_list":{"0":"post-3975","1":"product","2":"type-product","3":"status-publish","4":"has-post-thumbnail","6":"product_cat-espumas","7":"product_cat-fixacao-quimica","8":"product_cat-soudal","10":"first","11":"outofstock","12":"shipping-taxable","13":"purchasable","14":"product-type-simple"},"_links":{"self":[{"href":"https:\/\/www.marquesmater.pt\/novo\/wp-json\/wp\/v2\/product\/3975","targetHints":{"allow":["GET"]}}],"collection":[{"href":"https:\/\/www.marquesmater.pt\/novo\/wp-json\/wp\/v2\/product"}],"about":[{"href":"https:\/\/www.marquesmater.pt\/novo\/wp-json\/wp\/v2\/types\/product"}],"wp:featuredmedia":[{"embeddable":true,"href":"https:\/\/www.marquesmater.pt\/novo\/wp-json\/wp\/v2\/media\/3979"}],"wp:attachment":[{"href":"https:\/\/www.marquesmater.pt\/novo\/wp-json\/wp\/v2\/media?parent=3975"}],"wp:term":[{"taxonomy":"product_brand","embeddable":true,"href":"https:\/\/www.marquesmater.pt\/novo\/wp-json\/wp\/v2\/product_brand?post=3975"},{"taxonomy":"product_cat","embeddable":true,"href":"https:\/\/www.marquesmater.pt\/novo\/wp-json\/wp\/v2\/product_cat?post=3975"},{"taxonomy":"product_tag","embeddable":true,"href":"https:\/\/www.marquesmater.pt\/novo\/wp-json\/wp\/v2\/product_tag?post=3975"}],"curies":[{"name":"wp","href":"https:\/\/api.w.org\/{rel}","templated":true}]}}