{"id":3959,"date":"2024-10-23T13:52:44","date_gmt":"2024-10-23T13:52:44","guid":{"rendered":"https:\/\/www.marquesmater.pt\/novo\/?post_type=product&#038;p=3959"},"modified":"2024-10-23T13:52:44","modified_gmt":"2024-10-23T13:52:44","slug":"selante-fendas-granulado-290ml","status":"publish","type":"product","link":"https:\/\/www.marquesmater.pt\/novo\/produto\/selante-fendas-granulado-290ml\/","title":{"rendered":"Selante Fendas Granulado 290ml"},"content":{"rendered":"<p>Aplica\u00e7\u00f5es<\/p>\n<p>Juntas em caixilhos de janelas, entre rodap\u00e9s e paredes, entre alvenaria,\u2026<br \/>\nJuntas com movimento m\u00e1ximo de 10%<br \/>\nPreenchimento de fissuras em cimento e gesso.<\/p>\n<p>Propriedades em destaque<\/p>\n<p>Muito f\u00e1cil de aplicar<br \/>\nCor permanente e \u00e0 prova de \u00e1gua ap\u00f3s cura<br \/>\nMuito boa ader\u00eancia em v\u00e1rias superf\u00edcies porosas e alum\u00ednio<\/p>\n","protected":false},"excerpt":{"rendered":"<p>Aplica\u00e7\u00f5es Juntas em caixilhos de janelas, entre rodap\u00e9s e paredes, entre alvenaria,\u2026 Juntas com movimento m\u00e1ximo de 10% Preenchimento de fissuras em cimento e gesso. Propriedades em destaque Muito f\u00e1cil de aplicar Cor permanente e \u00e0 prova de \u00e1gua ap\u00f3s cura Muito boa ader\u00eancia em v\u00e1rias superf\u00edcies porosas e alum\u00ednio<\/p>\n","protected":false},"featured_media":3960,"template":"","meta":{"_et_pb_use_builder":"","_et_pb_old_content":"","_et_gb_content_width":""},"product_brand":[],"product_cat":[279,282,281],"product_tag":[],"class_list":{"0":"post-3959","1":"product","2":"type-product","3":"status-publish","4":"has-post-thumbnail","6":"product_cat-fixacao-quimica","7":"product_cat-selante","8":"product_cat-soudal","10":"first","11":"instock","12":"shipping-taxable","13":"purchasable","14":"product-type-simple"},"_links":{"self":[{"href":"https:\/\/www.marquesmater.pt\/novo\/wp-json\/wp\/v2\/product\/3959","targetHints":{"allow":["GET"]}}],"collection":[{"href":"https:\/\/www.marquesmater.pt\/novo\/wp-json\/wp\/v2\/product"}],"about":[{"href":"https:\/\/www.marquesmater.pt\/novo\/wp-json\/wp\/v2\/types\/product"}],"wp:featuredmedia":[{"embeddable":true,"href":"https:\/\/www.marquesmater.pt\/novo\/wp-json\/wp\/v2\/media\/3960"}],"wp:attachment":[{"href":"https:\/\/www.marquesmater.pt\/novo\/wp-json\/wp\/v2\/media?parent=3959"}],"wp:term":[{"taxonomy":"product_brand","embeddable":true,"href":"https:\/\/www.marquesmater.pt\/novo\/wp-json\/wp\/v2\/product_brand?post=3959"},{"taxonomy":"product_cat","embeddable":true,"href":"https:\/\/www.marquesmater.pt\/novo\/wp-json\/wp\/v2\/product_cat?post=3959"},{"taxonomy":"product_tag","embeddable":true,"href":"https:\/\/www.marquesmater.pt\/novo\/wp-json\/wp\/v2\/product_tag?post=3959"}],"curies":[{"name":"wp","href":"https:\/\/api.w.org\/{rel}","templated":true}]}}