{"id":3956,"date":"2024-10-23T13:45:03","date_gmt":"2024-10-23T13:45:03","guid":{"rendered":"https:\/\/www.marquesmater.pt\/novo\/?post_type=product&#038;p=3956"},"modified":"2026-03-18T17:58:26","modified_gmt":"2026-03-18T17:58:26","slug":"3956","status":"publish","type":"product","link":"https:\/\/www.marquesmater.pt\/novo\/produto\/3956\/","title":{"rendered":"Selante Fendas Branco 290ml"},"content":{"rendered":"<p>Selante acr\u00edlico<\/p>\n<p>Selante acr\u00edlico de elevada qualidade que se pode pintar com qualquer tinta<\/p>\n<p>Aplica\u00e7\u00f5es<br \/>\nIdeal para a veda\u00e7\u00e3o de juntas com movimento limitado, com ades\u00e3o a todos os suportes, bet\u00e3o, pedra, madeira, gesso, etc.<\/p>\n<p>Propriedades em destaque<br \/>\nPint\u00e1vel<br \/>\nApenas para uso interior ou exterior protegido<\/p>\n","protected":false},"excerpt":{"rendered":"<p>Selante acr\u00edlico Selante acr\u00edlico de elevada qualidade que se pode pintar com qualquer tinta Aplica\u00e7\u00f5es Ideal para a veda\u00e7\u00e3o de juntas com movimento limitado, com ades\u00e3o a todos os suportes, bet\u00e3o, pedra, madeira, gesso, etc. Propriedades em destaque Pint\u00e1vel Apenas para uso interior ou exterior protegido<\/p>\n","protected":false},"featured_media":3958,"template":"","meta":{"_et_pb_use_builder":"","_et_pb_old_content":"","_et_gb_content_width":""},"product_brand":[],"product_cat":[279,282,281],"product_tag":[],"class_list":{"0":"post-3956","1":"product","2":"type-product","3":"status-publish","4":"has-post-thumbnail","6":"product_cat-fixacao-quimica","7":"product_cat-selante","8":"product_cat-soudal","10":"first","11":"instock","12":"shipping-taxable","13":"purchasable","14":"product-type-simple"},"_links":{"self":[{"href":"https:\/\/www.marquesmater.pt\/novo\/wp-json\/wp\/v2\/product\/3956","targetHints":{"allow":["GET"]}}],"collection":[{"href":"https:\/\/www.marquesmater.pt\/novo\/wp-json\/wp\/v2\/product"}],"about":[{"href":"https:\/\/www.marquesmater.pt\/novo\/wp-json\/wp\/v2\/types\/product"}],"wp:featuredmedia":[{"embeddable":true,"href":"https:\/\/www.marquesmater.pt\/novo\/wp-json\/wp\/v2\/media\/3958"}],"wp:attachment":[{"href":"https:\/\/www.marquesmater.pt\/novo\/wp-json\/wp\/v2\/media?parent=3956"}],"wp:term":[{"taxonomy":"product_brand","embeddable":true,"href":"https:\/\/www.marquesmater.pt\/novo\/wp-json\/wp\/v2\/product_brand?post=3956"},{"taxonomy":"product_cat","embeddable":true,"href":"https:\/\/www.marquesmater.pt\/novo\/wp-json\/wp\/v2\/product_cat?post=3956"},{"taxonomy":"product_tag","embeddable":true,"href":"https:\/\/www.marquesmater.pt\/novo\/wp-json\/wp\/v2\/product_tag?post=3956"}],"curies":[{"name":"wp","href":"https:\/\/api.w.org\/{rel}","templated":true}]}}