{"id":3896,"date":"2024-10-17T10:57:27","date_gmt":"2024-10-17T10:57:27","guid":{"rendered":"https:\/\/www.marquesmater.pt\/novo\/?post_type=product&#038;p=3896"},"modified":"2026-03-19T09:38:36","modified_gmt":"2026-03-19T09:38:36","slug":"percarbonato-de-sodio-lartwist-saco-1kg","status":"publish","type":"product","link":"https:\/\/www.marquesmater.pt\/novo\/produto\/percarbonato-de-sodio-lartwist-saco-1kg\/","title":{"rendered":"Percarbonato de S\u00f3dio Lartwist, Saco 1Kg"},"content":{"rendered":"<p>&#8211; Branqueador de roupa e tira n\u00f3doas;<\/p>\n<p>&#8211; Pode ser utilizado nas lavagens \u00e0 m\u00e3o ou \u00e0 m\u00e1quina e em roupa branca ou de cor (incluindo preto);<\/p>\n<p>&#8211; Reaviva as cores da roupa;<\/p>\n<p>&#8211; De prefer\u00eancia, usar a uma temperatura de 40 \u00baC ou mais, consoante as indica\u00e7\u00f5es de lavagem da pe\u00e7a;<\/p>\n<p>&#8211; Tamb\u00e9m pode ser utilizado em \u00e1gua fria;<\/p>\n<p>&#8211; N\u00e3o debota as cores.  <\/p>\n","protected":false},"excerpt":{"rendered":"<p>&#8211; Branqueador de roupa e tira n\u00f3doas; &#8211; Pode ser utilizado nas lavagens \u00e0 m\u00e3o ou \u00e0 m\u00e1quina e em roupa branca ou de cor (incluindo preto); &#8211; Reaviva as cores da roupa; &#8211; De prefer\u00eancia, usar a uma temperatura de 40 \u00baC ou mais, consoante as indica\u00e7\u00f5es de lavagem da pe\u00e7a; &#8211; Tamb\u00e9m pode [&hellip;]<\/p>\n","protected":false},"featured_media":3899,"template":"","meta":{"_et_pb_use_builder":"","_et_pb_old_content":"","_et_gb_content_width":""},"product_brand":[],"product_cat":[98,276],"product_tag":[],"class_list":{"0":"post-3896","1":"product","2":"type-product","3":"status-publish","4":"has-post-thumbnail","6":"product_cat-domesticos","7":"product_cat-roupa","9":"first","10":"instock","11":"shipping-taxable","12":"purchasable","13":"product-type-simple"},"_links":{"self":[{"href":"https:\/\/www.marquesmater.pt\/novo\/wp-json\/wp\/v2\/product\/3896","targetHints":{"allow":["GET"]}}],"collection":[{"href":"https:\/\/www.marquesmater.pt\/novo\/wp-json\/wp\/v2\/product"}],"about":[{"href":"https:\/\/www.marquesmater.pt\/novo\/wp-json\/wp\/v2\/types\/product"}],"wp:featuredmedia":[{"embeddable":true,"href":"https:\/\/www.marquesmater.pt\/novo\/wp-json\/wp\/v2\/media\/3899"}],"wp:attachment":[{"href":"https:\/\/www.marquesmater.pt\/novo\/wp-json\/wp\/v2\/media?parent=3896"}],"wp:term":[{"taxonomy":"product_brand","embeddable":true,"href":"https:\/\/www.marquesmater.pt\/novo\/wp-json\/wp\/v2\/product_brand?post=3896"},{"taxonomy":"product_cat","embeddable":true,"href":"https:\/\/www.marquesmater.pt\/novo\/wp-json\/wp\/v2\/product_cat?post=3896"},{"taxonomy":"product_tag","embeddable":true,"href":"https:\/\/www.marquesmater.pt\/novo\/wp-json\/wp\/v2\/product_tag?post=3896"}],"curies":[{"name":"wp","href":"https:\/\/api.w.org\/{rel}","templated":true}]}}