{"id":3886,"date":"2024-10-16T14:45:46","date_gmt":"2024-10-16T14:45:46","guid":{"rendered":"https:\/\/www.marquesmater.pt\/novo\/?post_type=product&#038;p=3886"},"modified":"2026-03-19T09:39:35","modified_gmt":"2026-03-19T09:39:35","slug":"lanterna-frontal-3-000lm-edm","status":"publish","type":"product","link":"https:\/\/www.marquesmater.pt\/novo\/produto\/lanterna-frontal-3-000lm-edm\/","title":{"rendered":"LANTERNA FRONTAL 3.000Lm EDM"},"content":{"rendered":"<p>LANTERNA FRONTAL 3.000Lm EDM. POSI\u00c7\u00d5ES DE LUZ, COM AT\u00c9 20h DE AUTONOMIA. CARATER\u00cdSTICAS: IP44, COM FITA PARA CABE\u00c7A E \u00cdMAN. BATERIA 2600mAh DE L\u00cdTIO, CABO USB TIPO C INCLU\u00cdDO. 2&#215;20 LED 7000K EM 4 MODOS:TURBO(30s) 3000Lm\/1000Lm\/400L,\/25Lm, MODO FLASH, TEMPO DE CARREGAMENTO 5h<\/p>\n","protected":false},"excerpt":{"rendered":"<p>LANTERNA FRONTAL 3.000Lm EDM. POSI\u00c7\u00d5ES DE LUZ, COM AT\u00c9 20h DE AUTONOMIA. CARATER\u00cdSTICAS: IP44, COM FITA PARA CABE\u00c7A E \u00cdMAN. BATERIA 2600mAh DE L\u00cdTIO, CABO USB TIPO C INCLU\u00cdDO. 2&#215;20 LED 7000K EM 4 MODOS:TURBO(30s) 3000Lm\/1000Lm\/400L,\/25Lm, MODO FLASH, TEMPO DE CARREGAMENTO 5h<\/p>\n","protected":false},"featured_media":3887,"template":"","meta":{"_et_pb_use_builder":"","_et_pb_old_content":"","_et_gb_content_width":""},"product_brand":[],"product_cat":[76,86],"product_tag":[],"class_list":{"0":"post-3886","1":"product","2":"type-product","3":"status-publish","4":"has-post-thumbnail","6":"product_cat-iluminacao","7":"product_cat-lanternas","9":"first","10":"instock","11":"shipping-taxable","12":"purchasable","13":"product-type-simple"},"_links":{"self":[{"href":"https:\/\/www.marquesmater.pt\/novo\/wp-json\/wp\/v2\/product\/3886","targetHints":{"allow":["GET"]}}],"collection":[{"href":"https:\/\/www.marquesmater.pt\/novo\/wp-json\/wp\/v2\/product"}],"about":[{"href":"https:\/\/www.marquesmater.pt\/novo\/wp-json\/wp\/v2\/types\/product"}],"wp:featuredmedia":[{"embeddable":true,"href":"https:\/\/www.marquesmater.pt\/novo\/wp-json\/wp\/v2\/media\/3887"}],"wp:attachment":[{"href":"https:\/\/www.marquesmater.pt\/novo\/wp-json\/wp\/v2\/media?parent=3886"}],"wp:term":[{"taxonomy":"product_brand","embeddable":true,"href":"https:\/\/www.marquesmater.pt\/novo\/wp-json\/wp\/v2\/product_brand?post=3886"},{"taxonomy":"product_cat","embeddable":true,"href":"https:\/\/www.marquesmater.pt\/novo\/wp-json\/wp\/v2\/product_cat?post=3886"},{"taxonomy":"product_tag","embeddable":true,"href":"https:\/\/www.marquesmater.pt\/novo\/wp-json\/wp\/v2\/product_tag?post=3886"}],"curies":[{"name":"wp","href":"https:\/\/api.w.org\/{rel}","templated":true}]}}