{"id":3706,"date":"2024-03-18T18:02:16","date_gmt":"2024-03-18T18:02:16","guid":{"rendered":"https:\/\/www.marquesmater.pt\/novo\/?post_type=product&#038;p=3706"},"modified":"2026-03-19T09:47:05","modified_gmt":"2026-03-19T09:47:05","slug":"neucebel","status":"publish","type":"product","link":"https:\/\/www.marquesmater.pt\/novo\/produto\/neucebel\/","title":{"rendered":"Neucebel"},"content":{"rendered":"<p>Tinta Exterior\/Interior<\/p>\n<p class=\"titulo-prod\">Caracter\u00edsticas<\/p>\n<p>Baseada numa dispers\u00e3o acr\u00edlica de boa qualidade, esta tinta possui boa resist\u00eancia no exterior sendo ainda uma boa solu\u00e7\u00e3o para paredes interiores. Com resist\u00eancia ao aparecimento de algas e fungos.<\/p>\n<ul>\n<li>F\u00e1cil aplica\u00e7\u00e3o e boa ader\u00eancia<\/li>\n<li>Afin\u00e1vel em BIGMIX<\/li>\n<li>Bom rendimento<\/li>\n<li>Bom poder de cobertura<\/li>\n<\/ul>\n","protected":false},"excerpt":{"rendered":"<p>Tinta Exterior\/Interior Caracter\u00edsticas Baseada numa dispers\u00e3o acr\u00edlica de boa qualidade, esta tinta possui boa resist\u00eancia no exterior sendo ainda uma boa solu\u00e7\u00e3o para paredes interiores. Com resist\u00eancia ao aparecimento de algas e fungos. F\u00e1cil aplica\u00e7\u00e3o e boa ader\u00eancia Afin\u00e1vel em BIGMIX Bom rendimento Bom poder de cobertura<\/p>\n","protected":false},"featured_media":3710,"template":"","meta":{"_et_pb_use_builder":"","_et_pb_old_content":"","_et_gb_content_width":""},"product_brand":[],"product_cat":[175,191,218],"product_tag":[],"class_list":{"0":"post-3706","1":"product","2":"type-product","3":"status-publish","4":"has-post-thumbnail","6":"product_cat-neuce","7":"product_cat-tintas","8":"product_cat-tinta-interior","10":"first","11":"instock","12":"shipping-taxable","13":"purchasable","14":"product-type-variable"},"_links":{"self":[{"href":"https:\/\/www.marquesmater.pt\/novo\/wp-json\/wp\/v2\/product\/3706","targetHints":{"allow":["GET"]}}],"collection":[{"href":"https:\/\/www.marquesmater.pt\/novo\/wp-json\/wp\/v2\/product"}],"about":[{"href":"https:\/\/www.marquesmater.pt\/novo\/wp-json\/wp\/v2\/types\/product"}],"wp:featuredmedia":[{"embeddable":true,"href":"https:\/\/www.marquesmater.pt\/novo\/wp-json\/wp\/v2\/media\/3710"}],"wp:attachment":[{"href":"https:\/\/www.marquesmater.pt\/novo\/wp-json\/wp\/v2\/media?parent=3706"}],"wp:term":[{"taxonomy":"product_brand","embeddable":true,"href":"https:\/\/www.marquesmater.pt\/novo\/wp-json\/wp\/v2\/product_brand?post=3706"},{"taxonomy":"product_cat","embeddable":true,"href":"https:\/\/www.marquesmater.pt\/novo\/wp-json\/wp\/v2\/product_cat?post=3706"},{"taxonomy":"product_tag","embeddable":true,"href":"https:\/\/www.marquesmater.pt\/novo\/wp-json\/wp\/v2\/product_tag?post=3706"}],"curies":[{"name":"wp","href":"https:\/\/api.w.org\/{rel}","templated":true}]}}