{"id":3688,"date":"2024-03-18T16:20:24","date_gmt":"2024-03-18T16:20:24","guid":{"rendered":"https:\/\/www.marquesmater.pt\/novo\/?post_type=product&#038;p=3688"},"modified":"2026-03-19T09:52:39","modified_gmt":"2026-03-19T09:52:39","slug":"euroneuce","status":"publish","type":"product","link":"https:\/\/www.marquesmater.pt\/novo\/produto\/euroneuce\/","title":{"rendered":"Euroneuce"},"content":{"rendered":"<p>Tinta Pl\u00e1stica Interior\/Exterior<\/p>\n<p class=\"titulo-prod\">Caracter\u00edsticas<\/p>\n<p>Baseada numa emuls\u00e3o estireno acr\u00edlica, esta tinta foi especialmente estudada para pinturas em interiores com boa cobertura, sendo tamb\u00e9m recomendada para pinturas exteriores.<\/p>\n<p>Apresenta boa resist\u00eancia \u00e0 alcalinidade.<\/p>\n<ul>\n<li>F\u00e1cil aplica\u00e7\u00e3o<\/li>\n<li>Boa ader\u00eancia e rendimento<\/li>\n<li>Boa cobertura e brancura<\/li>\n<li>Razo\u00e1vel resist\u00eancia \u00e0 lavagem<\/li>\n<\/ul>\n","protected":false},"excerpt":{"rendered":"<p>Tinta Pl\u00e1stica Interior\/Exterior Caracter\u00edsticas Baseada numa emuls\u00e3o estireno acr\u00edlica, esta tinta foi especialmente estudada para pinturas em interiores com boa cobertura, sendo tamb\u00e9m recomendada para pinturas exteriores. Apresenta boa resist\u00eancia \u00e0 alcalinidade. F\u00e1cil aplica\u00e7\u00e3o Boa ader\u00eancia e rendimento Boa cobertura e brancura Razo\u00e1vel resist\u00eancia \u00e0 lavagem<\/p>\n","protected":false},"featured_media":3689,"template":"","meta":{"_et_pb_use_builder":"","_et_pb_old_content":"","_et_gb_content_width":""},"product_brand":[],"product_cat":[175,15],"product_tag":[],"class_list":{"0":"post-3688","1":"product","2":"type-product","3":"status-publish","4":"has-post-thumbnail","6":"product_cat-neuce","7":"product_cat-sem-categoria","9":"first","10":"instock","11":"shipping-taxable","12":"purchasable","13":"product-type-variable"},"_links":{"self":[{"href":"https:\/\/www.marquesmater.pt\/novo\/wp-json\/wp\/v2\/product\/3688","targetHints":{"allow":["GET"]}}],"collection":[{"href":"https:\/\/www.marquesmater.pt\/novo\/wp-json\/wp\/v2\/product"}],"about":[{"href":"https:\/\/www.marquesmater.pt\/novo\/wp-json\/wp\/v2\/types\/product"}],"wp:featuredmedia":[{"embeddable":true,"href":"https:\/\/www.marquesmater.pt\/novo\/wp-json\/wp\/v2\/media\/3689"}],"wp:attachment":[{"href":"https:\/\/www.marquesmater.pt\/novo\/wp-json\/wp\/v2\/media?parent=3688"}],"wp:term":[{"taxonomy":"product_brand","embeddable":true,"href":"https:\/\/www.marquesmater.pt\/novo\/wp-json\/wp\/v2\/product_brand?post=3688"},{"taxonomy":"product_cat","embeddable":true,"href":"https:\/\/www.marquesmater.pt\/novo\/wp-json\/wp\/v2\/product_cat?post=3688"},{"taxonomy":"product_tag","embeddable":true,"href":"https:\/\/www.marquesmater.pt\/novo\/wp-json\/wp\/v2\/product_tag?post=3688"}],"curies":[{"name":"wp","href":"https:\/\/api.w.org\/{rel}","templated":true}]}}