{"id":3566,"date":"2023-01-12T12:28:28","date_gmt":"2023-01-12T12:28:28","guid":{"rendered":"https:\/\/www.marquesmater.pt\/novo\/?post_type=product&#038;p=3566"},"modified":"2025-10-08T16:59:20","modified_gmt":"2025-10-08T15:59:20","slug":"tesoura-de-enxertia","status":"publish","type":"product","link":"https:\/\/www.marquesmater.pt\/novo\/produto\/tesoura-de-enxertia\/","title":{"rendered":"TESOURA DE ENXERTIA"},"content":{"rendered":"<p>Tesoura desenvolvida para enxertia de todas as plantas e eficaz em \u00e1rvores de fruto, legumes, viveiros, flores, etc. &#8211; L\u00e2minas substitu\u00edveis (3 tipos de corte &#8211; O, U e V &#8211; com dois pontos de corte); &#8211; Permitem executar cortes precisos e r\u00e1pidos, simplificam assim o processo de corte de folhas e galhos in\u00fateis; &#8211; L\u00e2mina em a\u00e7o de alto carbono (mais resistentes a lascas e deforma\u00e7\u00f5es).<\/p>\n<h3>DADOS T\u00c9CNICOS<\/h3>\n<div>\n<table class=\"table\">\n<tbody>\n<tr>\n<td>Dimens\u00e3o<\/td>\n<td><strong>210 x 100 mm<\/strong><\/td>\n<\/tr>\n<tr>\n<td>L\u00e2mina<\/td>\n<td><strong>A\u00e7o carbono<\/strong><\/td>\n<\/tr>\n<\/tbody>\n<\/table>\n<\/div>\n","protected":false},"excerpt":{"rendered":"<p>Tesoura desenvolvida para enxertia de todas as plantas e eficaz em \u00e1rvores de fruto, legumes, viveiros, flores, etc. &#8211; L\u00e2minas substitu\u00edveis (3 tipos de corte &#8211; O, U e V &#8211; com dois pontos de corte); &#8211; Permitem executar cortes precisos e r\u00e1pidos, simplificam assim o processo de corte de folhas e galhos in\u00fateis; &#8211; [&hellip;]<\/p>\n","protected":false},"featured_media":3567,"template":"","meta":{"_et_pb_use_builder":"","_et_pb_old_content":"","_et_gb_content_width":""},"product_brand":[],"product_cat":[173],"product_tag":[],"class_list":{"0":"post-3566","1":"product","2":"type-product","3":"status-publish","4":"has-post-thumbnail","6":"product_cat-vito","8":"first","9":"instock","10":"shipping-taxable","11":"purchasable","12":"product-type-simple"},"_links":{"self":[{"href":"https:\/\/www.marquesmater.pt\/novo\/wp-json\/wp\/v2\/product\/3566","targetHints":{"allow":["GET"]}}],"collection":[{"href":"https:\/\/www.marquesmater.pt\/novo\/wp-json\/wp\/v2\/product"}],"about":[{"href":"https:\/\/www.marquesmater.pt\/novo\/wp-json\/wp\/v2\/types\/product"}],"wp:featuredmedia":[{"embeddable":true,"href":"https:\/\/www.marquesmater.pt\/novo\/wp-json\/wp\/v2\/media\/3567"}],"wp:attachment":[{"href":"https:\/\/www.marquesmater.pt\/novo\/wp-json\/wp\/v2\/media?parent=3566"}],"wp:term":[{"taxonomy":"product_brand","embeddable":true,"href":"https:\/\/www.marquesmater.pt\/novo\/wp-json\/wp\/v2\/product_brand?post=3566"},{"taxonomy":"product_cat","embeddable":true,"href":"https:\/\/www.marquesmater.pt\/novo\/wp-json\/wp\/v2\/product_cat?post=3566"},{"taxonomy":"product_tag","embeddable":true,"href":"https:\/\/www.marquesmater.pt\/novo\/wp-json\/wp\/v2\/product_tag?post=3566"}],"curies":[{"name":"wp","href":"https:\/\/api.w.org\/{rel}","templated":true}]}}