{"id":3555,"date":"2023-01-12T11:43:58","date_gmt":"2023-01-12T11:43:58","guid":{"rendered":"https:\/\/www.marquesmater.pt\/novo\/?post_type=product&#038;p=3555"},"modified":"2026-03-19T10:04:41","modified_gmt":"2026-03-19T10:04:41","slug":"sapato-thor-s1p","status":"publish","type":"product","link":"https:\/\/www.marquesmater.pt\/novo\/produto\/sapato-thor-s1p\/","title":{"rendered":"SAPATO THOR S1P"},"content":{"rendered":"<p>CE EN ISO 20345. Biqueira protegida e absor\u00e7\u00e3o de energia no calcanhar. Sola anti est\u00e1tica, resistente ao \u00f3leo e com protec\u00e7\u00e3o.<\/p>\n<h2>ESPECIFICA\u00c7\u00d5ES T\u00c9CNICAS<\/h2>\n<h3>DADOS T\u00c9CNICOS<\/h3>\n<div>\n<table class=\"table\">\n<tbody>\n<tr>\n<td>Categoria de seguran\u00e7a<\/td>\n<td><strong>S1P<\/strong><\/td>\n<\/tr>\n<tr>\n<td>Resist\u00eancia ao deslizamento<\/td>\n<td><strong>SRA<\/strong><\/td>\n<\/tr>\n<tr>\n<td>Revestimento<\/td>\n<td><strong>Tecido<\/strong><\/td>\n<\/tr>\n<tr>\n<td>Biqueira<\/td>\n<td><strong>Comp\u00f3sito<\/strong><\/td>\n<\/tr>\n<tr>\n<td>Sola interm\u00e9dia<\/td>\n<td><\/td>\n<\/tr>\n<tr>\n<td>Sola<\/td>\n<td><strong>Eva + borracha<\/strong><\/td>\n<\/tr>\n<tr>\n<td>Certifica\u00e7\u00e3o<\/td>\n<td><strong>EN ISO 20345: 2011<\/strong><\/td>\n<\/tr>\n<tr>\n<td>Tamanho<\/td>\n<td><strong>37<\/strong><\/td>\n<\/tr>\n<tr>\n<td>Peso<\/td>\n<td><strong>443 gr (41)<\/strong><\/td>\n<\/tr>\n<\/tbody>\n<\/table>\n<\/div>\n","protected":false},"excerpt":{"rendered":"<p>CE EN ISO 20345. Biqueira protegida e absor\u00e7\u00e3o de energia no calcanhar. Sola anti est\u00e1tica, resistente ao \u00f3leo e com protec\u00e7\u00e3o. ESPECIFICA\u00c7\u00d5ES T\u00c9CNICAS DADOS T\u00c9CNICOS Categoria de seguran\u00e7a S1P Resist\u00eancia ao deslizamento SRA Revestimento Tecido Biqueira Comp\u00f3sito Sola interm\u00e9dia Sola Eva + borracha Certifica\u00e7\u00e3o EN ISO 20345: 2011 Tamanho 37 Peso 443 gr (41)<\/p>\n","protected":false},"featured_media":3557,"template":"","meta":{"_et_pb_use_builder":"","_et_pb_old_content":"","_et_gb_content_width":""},"product_brand":[],"product_cat":[215,214,173],"product_tag":[],"class_list":{"0":"post-3555","1":"product","2":"type-product","3":"status-publish","4":"has-post-thumbnail","6":"product_cat-calcado-proteccao-e-seguranca","7":"product_cat-proteccao-e-seguranca","8":"product_cat-vito","10":"first","11":"instock","12":"shipping-taxable","13":"purchasable","14":"product-type-variable"},"_links":{"self":[{"href":"https:\/\/www.marquesmater.pt\/novo\/wp-json\/wp\/v2\/product\/3555","targetHints":{"allow":["GET"]}}],"collection":[{"href":"https:\/\/www.marquesmater.pt\/novo\/wp-json\/wp\/v2\/product"}],"about":[{"href":"https:\/\/www.marquesmater.pt\/novo\/wp-json\/wp\/v2\/types\/product"}],"wp:featuredmedia":[{"embeddable":true,"href":"https:\/\/www.marquesmater.pt\/novo\/wp-json\/wp\/v2\/media\/3557"}],"wp:attachment":[{"href":"https:\/\/www.marquesmater.pt\/novo\/wp-json\/wp\/v2\/media?parent=3555"}],"wp:term":[{"taxonomy":"product_brand","embeddable":true,"href":"https:\/\/www.marquesmater.pt\/novo\/wp-json\/wp\/v2\/product_brand?post=3555"},{"taxonomy":"product_cat","embeddable":true,"href":"https:\/\/www.marquesmater.pt\/novo\/wp-json\/wp\/v2\/product_cat?post=3555"},{"taxonomy":"product_tag","embeddable":true,"href":"https:\/\/www.marquesmater.pt\/novo\/wp-json\/wp\/v2\/product_tag?post=3555"}],"curies":[{"name":"wp","href":"https:\/\/api.w.org\/{rel}","templated":true}]}}