{"id":3553,"date":"2023-01-12T11:32:10","date_gmt":"2023-01-12T11:32:10","guid":{"rendered":"https:\/\/www.marquesmater.pt\/novo\/?post_type=product&#038;p=3553"},"modified":"2025-03-28T00:02:55","modified_gmt":"2025-03-28T00:02:55","slug":"serra-de-sabre-sem-fios","status":"publish","type":"product","link":"https:\/\/www.marquesmater.pt\/novo\/produto\/serra-de-sabre-sem-fios\/","title":{"rendered":"SERRA DE SABRE SEM FIOS"},"content":{"rendered":"<div class=\"text-light font-size-12\">Bateria n\u00e3o inclu\u00edda.<\/div>\n<div><\/div>\n<div>\n<h2>ESPECIFICA\u00c7\u00d5ES T\u00c9CNICAS<\/h2>\n<h3>DADOS T\u00c9CNICOS<\/h3>\n<div>\n<table class=\"table\">\n<tbody>\n<tr>\n<td>Tens\u00e3o nominal<\/td>\n<td><strong>20 V DC<\/strong><\/td>\n<\/tr>\n<tr>\n<td>N\u00famero de cursos em vazio<\/td>\n<td><strong>0 &#8211; 3000 cpm<\/strong><\/td>\n<\/tr>\n<tr>\n<td>Comprimento do curso<\/td>\n<td><strong>22 mm<\/strong><\/td>\n<\/tr>\n<tr>\n<td>Capacidade de corte de madeira<\/td>\n<td><strong>115 mm<\/strong><\/td>\n<\/tr>\n<tr>\n<td>Capacidade de corte de tubo de metal<\/td>\n<td><strong>10 mm<\/strong><\/td>\n<\/tr>\n<tr>\n<td>N\u00edvel de pot\u00eancia sonora (LWA)<\/td>\n<td><strong>92 dB(A), k = 3<\/strong><\/td>\n<\/tr>\n<tr>\n<td>Peso do produto<\/td>\n<td><strong>1,9 Kg<\/strong><\/td>\n<\/tr>\n<tr>\n<td>Dimens\u00e3o<\/td>\n<td><strong>400 x 70 x 190 mm<\/strong><\/td>\n<\/tr>\n<tr>\n<td>Peso com caixa<\/td>\n<td><strong>2,25 Kg<\/strong><\/td>\n<\/tr>\n<tr>\n<td>Dimens\u00f5es da caixa<\/td>\n<td><strong>415 x 85 x 185 mm<\/strong><\/td>\n<\/tr>\n<tr>\n<td>Encaixe r\u00e1pido da l\u00e2mina<\/td>\n<td><strong>Sim<\/strong><\/td>\n<\/tr>\n<tr>\n<td>Bot\u00e3o de seguran\u00e7a<\/td>\n<td><strong>Sim<\/strong><\/td>\n<\/tr>\n<tr>\n<td>Velocidade vari\u00e1vel<\/td>\n<td><strong>Sim<\/strong><\/td>\n<\/tr>\n<\/tbody>\n<\/table>\n<\/div>\n<\/div>\n","protected":false},"excerpt":{"rendered":"<p>Bateria n\u00e3o inclu\u00edda. ESPECIFICA\u00c7\u00d5ES T\u00c9CNICAS DADOS T\u00c9CNICOS Tens\u00e3o nominal 20 V DC N\u00famero de cursos em vazio 0 &#8211; 3000 cpm Comprimento do curso 22 mm Capacidade de corte de madeira 115 mm Capacidade de corte de tubo de metal 10 mm N\u00edvel de pot\u00eancia sonora (LWA) 92 dB(A), k = 3 Peso do produto [&hellip;]<\/p>\n","protected":false},"featured_media":3554,"template":"","meta":{"_et_pb_use_builder":"","_et_pb_old_content":"","_et_gb_content_width":""},"product_brand":[],"product_cat":[220,230,173],"product_tag":[165],"class_list":{"0":"post-3553","1":"product","2":"type-product","3":"status-publish","4":"has-post-thumbnail","6":"product_cat-ferramentas-a-bateria","7":"product_cat-serras","8":"product_cat-vito","9":"product_tag-vito","11":"first","12":"instock","13":"shipping-taxable","14":"purchasable","15":"product-type-simple"},"_links":{"self":[{"href":"https:\/\/www.marquesmater.pt\/novo\/wp-json\/wp\/v2\/product\/3553","targetHints":{"allow":["GET"]}}],"collection":[{"href":"https:\/\/www.marquesmater.pt\/novo\/wp-json\/wp\/v2\/product"}],"about":[{"href":"https:\/\/www.marquesmater.pt\/novo\/wp-json\/wp\/v2\/types\/product"}],"wp:featuredmedia":[{"embeddable":true,"href":"https:\/\/www.marquesmater.pt\/novo\/wp-json\/wp\/v2\/media\/3554"}],"wp:attachment":[{"href":"https:\/\/www.marquesmater.pt\/novo\/wp-json\/wp\/v2\/media?parent=3553"}],"wp:term":[{"taxonomy":"product_brand","embeddable":true,"href":"https:\/\/www.marquesmater.pt\/novo\/wp-json\/wp\/v2\/product_brand?post=3553"},{"taxonomy":"product_cat","embeddable":true,"href":"https:\/\/www.marquesmater.pt\/novo\/wp-json\/wp\/v2\/product_cat?post=3553"},{"taxonomy":"product_tag","embeddable":true,"href":"https:\/\/www.marquesmater.pt\/novo\/wp-json\/wp\/v2\/product_tag?post=3553"}],"curies":[{"name":"wp","href":"https:\/\/api.w.org\/{rel}","templated":true}]}}