{"id":3551,"date":"2023-01-12T10:45:25","date_gmt":"2023-01-12T10:45:25","guid":{"rendered":"https:\/\/www.marquesmater.pt\/novo\/?post_type=product&#038;p=3551"},"modified":"2025-01-01T00:18:56","modified_gmt":"2025-01-01T00:18:56","slug":"polidora-1200w","status":"publish","type":"product","link":"https:\/\/www.marquesmater.pt\/novo\/produto\/polidora-1200w\/","title":{"rendered":"POLIDORA 1200W"},"content":{"rendered":"<p>&nbsp;<\/p>\n<h2>ESPECIFICA\u00c7\u00d5ES T\u00c9CNICAS<\/h2>\n<h3>DADOS T\u00c9CNICOS<\/h3>\n<div>\n<table class=\"table\">\n<tbody>\n<tr>\n<td>Pot\u00eancia nominal<\/td>\n<td><strong>1200 W<\/strong><\/td>\n<\/tr>\n<tr>\n<td>Velocidade de rota\u00e7\u00e3o em vazio<\/td>\n<td><strong>1000 &#8211; 3300 rpm<\/strong><\/td>\n<\/tr>\n<tr>\n<td>Di\u00e2metro da almofada de polimento<\/td>\n<td><strong>180 mm<\/strong><\/td>\n<\/tr>\n<tr>\n<td>Rosca do veio de rota\u00e7\u00e3o<\/td>\n<td><strong>M14<\/strong><\/td>\n<\/tr>\n<tr>\n<td>N\u00edveis de ajuste de velocidade<\/td>\n<td><strong>6<\/strong><\/td>\n<\/tr>\n<tr>\n<td>N\u00edvel de pot\u00eancia sonora (LWA)<\/td>\n<td><strong>97 dB(A), k = 3<\/strong><\/td>\n<\/tr>\n<tr>\n<td>Peso do produto<\/td>\n<td><strong>3,00 Kg<\/strong><\/td>\n<\/tr>\n<tr>\n<td>Dimens\u00e3o<\/td>\n<td><strong>530 x 220 x 190 mm<\/strong><\/td>\n<\/tr>\n<tr>\n<td>Peso com caixa<\/td>\n<td><strong>3,50 Kg<\/strong><\/td>\n<\/tr>\n<tr>\n<td>Dimens\u00f5es da caixa<\/td>\n<td><strong>500 x 180 x 135 mm<\/strong><\/td>\n<\/tr>\n<tr>\n<td>Varia\u00e7\u00e3o de velocidade<\/td>\n<td><strong>Sim<\/strong><\/td>\n<\/tr>\n<tr>\n<td>Bloqueio do veio de rota\u00e7\u00e3o<\/td>\n<td><strong>Sim<\/strong><\/td>\n<\/tr>\n<tr>\n<td>Bot\u00e3o de seguran\u00e7a<\/td>\n<td><strong>Sim<\/strong><\/td>\n<\/tr>\n<tr>\n<td>Caixa de engrenagens met\u00e1lica<\/td>\n<td><strong>Sim<\/strong><\/td>\n<\/tr>\n<\/tbody>\n<\/table>\n<\/div>\n","protected":false},"excerpt":{"rendered":"<p>&nbsp; ESPECIFICA\u00c7\u00d5ES T\u00c9CNICAS DADOS T\u00c9CNICOS Pot\u00eancia nominal 1200 W Velocidade de rota\u00e7\u00e3o em vazio 1000 &#8211; 3300 rpm Di\u00e2metro da almofada de polimento 180 mm Rosca do veio de rota\u00e7\u00e3o M14 N\u00edveis de ajuste de velocidade 6 N\u00edvel de pot\u00eancia sonora (LWA) 97 dB(A), k = 3 Peso do produto 3,00 Kg Dimens\u00e3o 530 x [&hellip;]<\/p>\n","protected":false},"featured_media":3552,"template":"","meta":{"_et_pb_use_builder":"","_et_pb_old_content":"","_et_gb_content_width":""},"product_brand":[],"product_cat":[57,231,173],"product_tag":[],"class_list":{"0":"post-3551","1":"product","2":"type-product","3":"status-publish","4":"has-post-thumbnail","6":"product_cat-aparafusadoras","7":"product_cat-polidora","8":"product_cat-vito","10":"first","11":"instock","12":"shipping-taxable","13":"purchasable","14":"product-type-simple"},"_links":{"self":[{"href":"https:\/\/www.marquesmater.pt\/novo\/wp-json\/wp\/v2\/product\/3551","targetHints":{"allow":["GET"]}}],"collection":[{"href":"https:\/\/www.marquesmater.pt\/novo\/wp-json\/wp\/v2\/product"}],"about":[{"href":"https:\/\/www.marquesmater.pt\/novo\/wp-json\/wp\/v2\/types\/product"}],"wp:featuredmedia":[{"embeddable":true,"href":"https:\/\/www.marquesmater.pt\/novo\/wp-json\/wp\/v2\/media\/3552"}],"wp:attachment":[{"href":"https:\/\/www.marquesmater.pt\/novo\/wp-json\/wp\/v2\/media?parent=3551"}],"wp:term":[{"taxonomy":"product_brand","embeddable":true,"href":"https:\/\/www.marquesmater.pt\/novo\/wp-json\/wp\/v2\/product_brand?post=3551"},{"taxonomy":"product_cat","embeddable":true,"href":"https:\/\/www.marquesmater.pt\/novo\/wp-json\/wp\/v2\/product_cat?post=3551"},{"taxonomy":"product_tag","embeddable":true,"href":"https:\/\/www.marquesmater.pt\/novo\/wp-json\/wp\/v2\/product_tag?post=3551"}],"curies":[{"name":"wp","href":"https:\/\/api.w.org\/{rel}","templated":true}]}}