{"id":3548,"date":"2023-01-10T17:23:05","date_gmt":"2023-01-10T17:23:05","guid":{"rendered":"https:\/\/www.marquesmater.pt\/novo\/?post_type=product&#038;p=3548"},"modified":"2025-10-08T16:54:25","modified_gmt":"2025-10-08T15:54:25","slug":"tesoura-de-poda-brushless-20v","status":"publish","type":"product","link":"https:\/\/www.marquesmater.pt\/novo\/produto\/tesoura-de-poda-brushless-20v\/","title":{"rendered":"TESOURA DE PODA BRUSHLESS 20V"},"content":{"rendered":"<p>A Tesoura de Poda brushless 20V EGO \u00e9 ideal para a poda de arbustos, vinhas, pequenas \u00e1rvores e para o corte de galhos ou troncos. Desenvolvida com motor sem escovas, esta tesoura de poda exibe l\u00e2minas de excelente qualidade para efetuar cortes precisos e eficientes de at\u00e9 30 mm, sendo uma \u00f3tima op\u00e7\u00e3o para utilizar no dia-a-dia. Leve e confort\u00e1vel incorpora um sistema de corte autom\u00e1tico para menor esfor\u00e7o do utilizador. Alimentada por uma bateria de 20V, esta ferramenta livre de fios, oferece as melhores condi\u00e7\u00f5es para um trabalho de elevada qualidade, produtividade e fiabilidade. Bateria n\u00e3o inclu\u00edda.<\/p>\n<h2>ESPECIFICA\u00c7\u00d5ES T\u00c9CNICAS<\/h2>\n<h3>DADOS T\u00c9CNICOS<\/h3>\n<div>\n<table class=\"table\">\n<tbody>\n<tr>\n<td>Tens\u00e3o nominal<\/td>\n<td><strong>20V DC<\/strong><\/td>\n<\/tr>\n<tr>\n<td>Motor<\/td>\n<td><strong>Brushless<\/strong><\/td>\n<\/tr>\n<tr>\n<td>Di\u00e2metro m\u00e1x. de corte<\/td>\n<td><strong>30 mm<\/strong><\/td>\n<\/tr>\n<tr>\n<td>N\u00edvel de pot\u00eancia sonora (LWA)<\/td>\n<td><strong>77 dB<\/strong><\/td>\n<\/tr>\n<tr>\n<td>N\u00edvel de press\u00e3o sonora<\/td>\n<td><strong>66 dB<\/strong><\/td>\n<\/tr>\n<tr>\n<td>Classe de isolamento<\/td>\n<td><strong>II<\/strong><\/td>\n<\/tr>\n<tr>\n<td>Peso do produto<\/td>\n<td><strong>0,95 kg<\/strong><\/td>\n<\/tr>\n<tr>\n<td>Dimens\u00e3o<\/td>\n<td><strong>295 x 110 mm<\/strong><\/td>\n<\/tr>\n<tr>\n<td>Peso com caixa<\/td>\n<td><strong>1,13 kg<\/strong><\/td>\n<\/tr>\n<tr>\n<td>Dimens\u00f5es da caixa<\/td>\n<td><strong>390 x 175 x 90 mm<\/strong><\/td>\n<\/tr>\n<\/tbody>\n<\/table>\n<\/div>\n","protected":false},"excerpt":{"rendered":"<p>A Tesoura de Poda brushless 20V EGO \u00e9 ideal para a poda de arbustos, vinhas, pequenas \u00e1rvores e para o corte de galhos ou troncos. Desenvolvida com motor sem escovas, esta tesoura de poda exibe l\u00e2minas de excelente qualidade para efetuar cortes precisos e eficientes de at\u00e9 30 mm, sendo uma \u00f3tima op\u00e7\u00e3o para utilizar [&hellip;]<\/p>\n","protected":false},"featured_media":3549,"template":"","meta":{"_et_pb_use_builder":"","_et_pb_old_content":"","_et_gb_content_width":""},"product_brand":[],"product_cat":[220,234,173],"product_tag":[],"class_list":{"0":"post-3548","1":"product","2":"type-product","3":"status-publish","4":"has-post-thumbnail","6":"product_cat-ferramentas-a-bateria","7":"product_cat-tesoura-poda","8":"product_cat-vito","10":"first","11":"instock","12":"shipping-taxable","13":"purchasable","14":"product-type-simple"},"_links":{"self":[{"href":"https:\/\/www.marquesmater.pt\/novo\/wp-json\/wp\/v2\/product\/3548","targetHints":{"allow":["GET"]}}],"collection":[{"href":"https:\/\/www.marquesmater.pt\/novo\/wp-json\/wp\/v2\/product"}],"about":[{"href":"https:\/\/www.marquesmater.pt\/novo\/wp-json\/wp\/v2\/types\/product"}],"wp:featuredmedia":[{"embeddable":true,"href":"https:\/\/www.marquesmater.pt\/novo\/wp-json\/wp\/v2\/media\/3549"}],"wp:attachment":[{"href":"https:\/\/www.marquesmater.pt\/novo\/wp-json\/wp\/v2\/media?parent=3548"}],"wp:term":[{"taxonomy":"product_brand","embeddable":true,"href":"https:\/\/www.marquesmater.pt\/novo\/wp-json\/wp\/v2\/product_brand?post=3548"},{"taxonomy":"product_cat","embeddable":true,"href":"https:\/\/www.marquesmater.pt\/novo\/wp-json\/wp\/v2\/product_cat?post=3548"},{"taxonomy":"product_tag","embeddable":true,"href":"https:\/\/www.marquesmater.pt\/novo\/wp-json\/wp\/v2\/product_tag?post=3548"}],"curies":[{"name":"wp","href":"https:\/\/api.w.org\/{rel}","templated":true}]}}