{"id":3544,"date":"2023-01-10T17:00:49","date_gmt":"2023-01-10T17:00:49","guid":{"rendered":"https:\/\/www.marquesmater.pt\/novo\/?post_type=product&#038;p=3544"},"modified":"2026-03-19T10:06:20","modified_gmt":"2026-03-19T10:06:20","slug":"afiador-de-correntes-eletrico-85-w","status":"publish","type":"product","link":"https:\/\/www.marquesmater.pt\/novo\/produto\/afiador-de-correntes-eletrico-85-w\/","title":{"rendered":"AFIADOR DE CORRENTES EL\u00c9TRICO 85 W"},"content":{"rendered":"<p>&nbsp;<\/p>\n<h2>ESPECIFICA\u00c7\u00d5ES T\u00c9CNICAS<\/h2>\n<h3>DADOS T\u00c9CNICOS<\/h3>\n<div>\n<table class=\"table\">\n<tbody>\n<tr>\n<td>Pot\u00eancia<\/td>\n<td><strong>85 W<\/strong><\/td>\n<\/tr>\n<tr>\n<td>Rota\u00e7\u00f5es por minuto<\/td>\n<td><strong>4800 rpm<\/strong><\/td>\n<\/tr>\n<tr>\n<td>Funcionamento cont\u00ednuo<\/td>\n<td><strong>20 min<\/strong><\/td>\n<\/tr>\n<tr>\n<td>Di\u00e2metro exterior disco<\/td>\n<td><strong>108 mm<\/strong><\/td>\n<\/tr>\n<tr>\n<td>Di\u00e2metro interior disco<\/td>\n<td><strong>23 mm<\/strong><\/td>\n<\/tr>\n<tr>\n<td>Espessura do disco<\/td>\n<td><strong>3,3 mm<\/strong><\/td>\n<\/tr>\n<tr>\n<td>\u00c2ngulos de afia\u00e7\u00e3o<\/td>\n<td><strong>35\u00ba\/35\u00ba<\/strong><\/td>\n<\/tr>\n<tr>\n<td>Tens\u00e3o de alimenta\u00e7\u00e3o<\/td>\n<td><strong>230 V 50 Hz<\/strong><\/td>\n<\/tr>\n<tr>\n<td>Estanquicidade<\/td>\n<td><strong>II<\/strong><\/td>\n<\/tr>\n<tr>\n<td>N\u00edvel de pot\u00eancia sonora (LWA)<\/td>\n<td><strong>77 dB<\/strong><\/td>\n<\/tr>\n<tr>\n<td>Peso do produto<\/td>\n<td><strong>2 Kg<\/strong><\/td>\n<\/tr>\n<tr>\n<td>Dimens\u00e3o<\/td>\n<td><strong>230 x 310 mm<\/strong><\/td>\n<\/tr>\n<tr>\n<td>Peso com caixa<\/td>\n<td><strong>2,3 Kg<\/strong><\/td>\n<\/tr>\n<tr>\n<td>Dimens\u00f5es da caixa<\/td>\n<td><strong>255 x 220 x 170 mm<\/strong><\/td>\n<\/tr>\n<tr>\n<td>Motor com magnetos<\/td>\n<td><strong>Sim<\/strong><\/td>\n<\/tr>\n<tr>\n<td>Ajuste universal e \u00e2ngulos<\/td>\n<td><strong>Sim &#8211; 35\u00ba<\/strong><\/td>\n<\/tr>\n<\/tbody>\n<\/table>\n<\/div>\n","protected":false},"excerpt":{"rendered":"<p>&nbsp; ESPECIFICA\u00c7\u00d5ES T\u00c9CNICAS DADOS T\u00c9CNICOS Pot\u00eancia 85 W Rota\u00e7\u00f5es por minuto 4800 rpm Funcionamento cont\u00ednuo 20 min Di\u00e2metro exterior disco 108 mm Di\u00e2metro interior disco 23 mm Espessura do disco 3,3 mm \u00c2ngulos de afia\u00e7\u00e3o 35\u00ba\/35\u00ba Tens\u00e3o de alimenta\u00e7\u00e3o 230 V 50 Hz Estanquicidade II N\u00edvel de pot\u00eancia sonora (LWA) 77 dB Peso do produto [&hellip;]<\/p>\n","protected":false},"featured_media":3545,"template":"","meta":{"_et_pb_use_builder":"","_et_pb_old_content":"","_et_gb_content_width":""},"product_brand":[],"product_cat":[235,57,173],"product_tag":[],"class_list":{"0":"post-3544","1":"product","2":"type-product","3":"status-publish","4":"has-post-thumbnail","6":"product_cat-afiador-correntes","7":"product_cat-aparafusadoras","8":"product_cat-vito","10":"first","11":"onbackorder","12":"shipping-taxable","13":"purchasable","14":"product-type-simple"},"_links":{"self":[{"href":"https:\/\/www.marquesmater.pt\/novo\/wp-json\/wp\/v2\/product\/3544","targetHints":{"allow":["GET"]}}],"collection":[{"href":"https:\/\/www.marquesmater.pt\/novo\/wp-json\/wp\/v2\/product"}],"about":[{"href":"https:\/\/www.marquesmater.pt\/novo\/wp-json\/wp\/v2\/types\/product"}],"wp:featuredmedia":[{"embeddable":true,"href":"https:\/\/www.marquesmater.pt\/novo\/wp-json\/wp\/v2\/media\/3545"}],"wp:attachment":[{"href":"https:\/\/www.marquesmater.pt\/novo\/wp-json\/wp\/v2\/media?parent=3544"}],"wp:term":[{"taxonomy":"product_brand","embeddable":true,"href":"https:\/\/www.marquesmater.pt\/novo\/wp-json\/wp\/v2\/product_brand?post=3544"},{"taxonomy":"product_cat","embeddable":true,"href":"https:\/\/www.marquesmater.pt\/novo\/wp-json\/wp\/v2\/product_cat?post=3544"},{"taxonomy":"product_tag","embeddable":true,"href":"https:\/\/www.marquesmater.pt\/novo\/wp-json\/wp\/v2\/product_tag?post=3544"}],"curies":[{"name":"wp","href":"https:\/\/api.w.org\/{rel}","templated":true}]}}