{"id":3531,"date":"2023-01-05T12:27:59","date_gmt":"2023-01-05T12:27:59","guid":{"rendered":"https:\/\/www.marquesmater.pt\/novo\/?post_type=product&#038;p=3531"},"modified":"2026-03-19T10:08:36","modified_gmt":"2026-03-19T10:08:36","slug":"bomba-plastica-para-aguas-limpas-400w","status":"publish","type":"product","link":"https:\/\/www.marquesmater.pt\/novo\/produto\/bomba-plastica-para-aguas-limpas-400w\/","title":{"rendered":"BOMBA PL\u00c1STICA PARA \u00c1GUAS LIMPAS 400W"},"content":{"rendered":"<h2>ESPECIFICA\u00c7\u00d5ES T\u00c9CNICAS<\/h2>\n<h3>DADOS T\u00c9CNICOS<\/h3>\n<div>\n<table class=\"table\">\n<tbody>\n<tr>\n<td>Pot\u00eancia<\/td>\n<td><strong>400 W<\/strong><\/td>\n<\/tr>\n<tr>\n<td>Caudal m\u00e1ximo<\/td>\n<td><strong>7000 L\/h<\/strong><\/td>\n<\/tr>\n<tr>\n<td>Profundidade de imers\u00e3o m\u00e1x.<\/td>\n<td><strong>7 m<\/strong><\/td>\n<\/tr>\n<tr>\n<td>Altura manom\u00e9trica m\u00e1x.<\/td>\n<td><strong>5 m<\/strong><\/td>\n<\/tr>\n<tr>\n<td>Tamanho m\u00e1x. das part\u00edculas<\/td>\n<td><strong>5 mm<\/strong><\/td>\n<\/tr>\n<tr>\n<td>Liga\u00e7\u00f5es<\/td>\n<td><strong>1&#8243;, G1&#8243;, 36 mm<\/strong><\/td>\n<\/tr>\n<tr>\n<td>Cabo de alimenta\u00e7\u00e3o<\/td>\n<td><strong>10 m<\/strong><\/td>\n<\/tr>\n<tr>\n<td>Temperatura m\u00e1xima dos flu\u00eddos<\/td>\n<td><strong>35\u00ba C<\/strong><\/td>\n<\/tr>\n<tr>\n<td>Tens\u00e3o de alimenta\u00e7\u00e3o<\/td>\n<td><strong>230 V 50 Hz<\/strong><\/td>\n<\/tr>\n<tr>\n<td>Estanquicidade<\/td>\n<td><strong>IPX8<\/strong><\/td>\n<\/tr>\n<tr>\n<td>Peso do produto<\/td>\n<td><strong>3,6 Kg<\/strong><\/td>\n<\/tr>\n<tr>\n<td>Dimens\u00e3o<\/td>\n<td><strong>170 x 280 mm<\/strong><\/td>\n<\/tr>\n<tr>\n<td>Peso com caixa<\/td>\n<td><strong>4 Kg<\/strong><\/td>\n<\/tr>\n<tr>\n<td>Dimens\u00f5es da caixa<\/td>\n<td><strong>220 x 160 x 310 mm<\/strong><\/td>\n<\/tr>\n<tr>\n<td>Corpo<\/td>\n<td><strong>Pl\u00e1stico<\/strong><\/td>\n<\/tr>\n<tr>\n<td>Interruptor de flutua\u00e7\u00e3o<\/td>\n<td><strong>Sim<\/strong><\/td>\n<\/tr>\n<\/tbody>\n<\/table>\n<\/div>\n","protected":false},"excerpt":{"rendered":"<p>ESPECIFICA\u00c7\u00d5ES T\u00c9CNICAS DADOS T\u00c9CNICOS Pot\u00eancia 400 W Caudal m\u00e1ximo 7000 L\/h Profundidade de imers\u00e3o m\u00e1x. 7 m Altura manom\u00e9trica m\u00e1x. 5 m Tamanho m\u00e1x. das part\u00edculas 5 mm Liga\u00e7\u00f5es 1&#8243;, G1&#8243;, 36 mm Cabo de alimenta\u00e7\u00e3o 10 m Temperatura m\u00e1xima dos flu\u00eddos 35\u00ba C Tens\u00e3o de alimenta\u00e7\u00e3o 230 V 50 Hz Estanquicidade IPX8 Peso do [&hellip;]<\/p>\n","protected":false},"featured_media":3489,"template":"","meta":{"_et_pb_use_builder":"","_et_pb_old_content":"","_et_gb_content_width":""},"product_brand":[],"product_cat":[69,100,173],"product_tag":[],"class_list":{"0":"post-3531","1":"product","2":"type-product","3":"status-publish","4":"has-post-thumbnail","6":"product_cat-bombas-submersiveis","7":"product_cat-jardim","8":"product_cat-vito","10":"first","11":"instock","12":"shipping-taxable","13":"purchasable","14":"product-type-simple"},"_links":{"self":[{"href":"https:\/\/www.marquesmater.pt\/novo\/wp-json\/wp\/v2\/product\/3531","targetHints":{"allow":["GET"]}}],"collection":[{"href":"https:\/\/www.marquesmater.pt\/novo\/wp-json\/wp\/v2\/product"}],"about":[{"href":"https:\/\/www.marquesmater.pt\/novo\/wp-json\/wp\/v2\/types\/product"}],"wp:featuredmedia":[{"embeddable":true,"href":"https:\/\/www.marquesmater.pt\/novo\/wp-json\/wp\/v2\/media\/3489"}],"wp:attachment":[{"href":"https:\/\/www.marquesmater.pt\/novo\/wp-json\/wp\/v2\/media?parent=3531"}],"wp:term":[{"taxonomy":"product_brand","embeddable":true,"href":"https:\/\/www.marquesmater.pt\/novo\/wp-json\/wp\/v2\/product_brand?post=3531"},{"taxonomy":"product_cat","embeddable":true,"href":"https:\/\/www.marquesmater.pt\/novo\/wp-json\/wp\/v2\/product_cat?post=3531"},{"taxonomy":"product_tag","embeddable":true,"href":"https:\/\/www.marquesmater.pt\/novo\/wp-json\/wp\/v2\/product_tag?post=3531"}],"curies":[{"name":"wp","href":"https:\/\/api.w.org\/{rel}","templated":true}]}}