{"id":3436,"date":"2021-10-08T10:47:43","date_gmt":"2021-10-08T10:47:43","guid":{"rendered":"https:\/\/www.marquesmater.pt\/novo\/?post_type=product&#038;p=3436"},"modified":"2026-03-19T10:52:10","modified_gmt":"2026-03-19T10:52:10","slug":"rebarbadora-1000w-125mm","status":"publish","type":"product","link":"https:\/\/www.marquesmater.pt\/novo\/produto\/rebarbadora-1000w-125mm\/","title":{"rendered":"REBARBADORA 1000W 125MM"},"content":{"rendered":"<p>Principais caracter\u00edsticas:<br \/>\n-Prote\u00e7\u00e3o contra re-arranque;<br \/>\n-Bloqueio do veio de rota\u00e7\u00e3o;<br \/>\n-Prote\u00e7\u00e3o do disco ajust\u00e1vel;<br \/>\n-Bloqueio do interruptor On\/Off;<br \/>\n-Caixa de engrenagens met\u00e1lica.<\/p>\n<p>Especifica\u00e7\u00f5es<br \/>\n*Pot\u00eancia nominal 1000 W<br \/>\n*Velocidade de rota\u00e7\u00e3o em vazio 11500 rpm<br \/>\n*Di\u00e2metro exterior do disco 125 mm<br \/>\n*Di\u00e2metro interior do disco 22 mm<br \/>\n*Rosca do veio de rota\u00e7\u00e3o M14<br \/>\n*Posi\u00e7\u00f5es da pega auxiliar 2 posi\u00e7\u00f5es<br \/>\n*Comprimento do cabo de alimenta\u00e7\u00e3o 2 metros<br \/>\n*N\u00edvel de pot\u00eancia sonora (LWA) 100 dB(A), k = 3<br \/>\n*Peso do produto 2,14 Kg<br \/>\n*Dimens\u00f5es do produto 400 x 235 x 105 mm<br \/>\n*Peso com caixa 2,50 Kg<br \/>\n*Dimens\u00f5es da caixa 410 x 130 x 120 mm<\/p>\n","protected":false},"excerpt":{"rendered":"<p>Principais caracter\u00edsticas: -Prote\u00e7\u00e3o contra re-arranque; -Bloqueio do veio de rota\u00e7\u00e3o; -Prote\u00e7\u00e3o do disco ajust\u00e1vel; -Bloqueio do interruptor On\/Off; -Caixa de engrenagens met\u00e1lica. Especifica\u00e7\u00f5es *Pot\u00eancia nominal 1000 W *Velocidade de rota\u00e7\u00e3o em vazio 11500 rpm *Di\u00e2metro exterior do disco 125 mm *Di\u00e2metro interior do disco 22 mm *Rosca do veio de rota\u00e7\u00e3o M14 *Posi\u00e7\u00f5es da pega [&hellip;]<\/p>\n","protected":false},"featured_media":3438,"template":"","meta":{"_et_pb_use_builder":"","_et_pb_old_content":"","_et_gb_content_width":""},"product_brand":[],"product_cat":[57,68,173],"product_tag":[],"class_list":{"0":"post-3436","1":"product","2":"type-product","3":"status-publish","4":"has-post-thumbnail","6":"product_cat-aparafusadoras","7":"product_cat-rebarbadoras","8":"product_cat-vito","10":"first","11":"outofstock","12":"shipping-taxable","13":"purchasable","14":"product-type-simple"},"_links":{"self":[{"href":"https:\/\/www.marquesmater.pt\/novo\/wp-json\/wp\/v2\/product\/3436","targetHints":{"allow":["GET"]}}],"collection":[{"href":"https:\/\/www.marquesmater.pt\/novo\/wp-json\/wp\/v2\/product"}],"about":[{"href":"https:\/\/www.marquesmater.pt\/novo\/wp-json\/wp\/v2\/types\/product"}],"wp:featuredmedia":[{"embeddable":true,"href":"https:\/\/www.marquesmater.pt\/novo\/wp-json\/wp\/v2\/media\/3438"}],"wp:attachment":[{"href":"https:\/\/www.marquesmater.pt\/novo\/wp-json\/wp\/v2\/media?parent=3436"}],"wp:term":[{"taxonomy":"product_brand","embeddable":true,"href":"https:\/\/www.marquesmater.pt\/novo\/wp-json\/wp\/v2\/product_brand?post=3436"},{"taxonomy":"product_cat","embeddable":true,"href":"https:\/\/www.marquesmater.pt\/novo\/wp-json\/wp\/v2\/product_cat?post=3436"},{"taxonomy":"product_tag","embeddable":true,"href":"https:\/\/www.marquesmater.pt\/novo\/wp-json\/wp\/v2\/product_tag?post=3436"}],"curies":[{"name":"wp","href":"https:\/\/api.w.org\/{rel}","templated":true}]}}