{"id":3159,"date":"2019-10-29T16:51:18","date_gmt":"2019-10-29T16:51:18","guid":{"rendered":"http:\/\/www.marquesmater.pt\/?post_type=product&#038;p=3159"},"modified":"2026-03-19T11:23:41","modified_gmt":"2026-03-19T11:23:41","slug":"calca-alta-visibilidade","status":"publish","type":"product","link":"https:\/\/www.marquesmater.pt\/novo\/produto\/calca-alta-visibilidade\/","title":{"rendered":"Cal\u00e7a Alta Visibilidade"},"content":{"rendered":"<p>35% Algod\u00e3o | 65% Poli\u00e9ster | 240 g\/m\u00b2<\/p>\n","protected":false},"excerpt":{"rendered":"<p>35% Algod\u00e3o | 65% Poli\u00e9ster | 240 g\/m\u00b2<\/p>\n","protected":false},"featured_media":3161,"template":"","meta":{"_et_pb_use_builder":"","_et_pb_old_content":"","_et_gb_content_width":""},"product_brand":[],"product_cat":[214,216,173],"product_tag":[],"class_list":{"0":"post-3159","1":"product","2":"type-product","3":"status-publish","4":"has-post-thumbnail","6":"product_cat-proteccao-e-seguranca","7":"product_cat-vestuario-proteccao-e-seguranca","8":"product_cat-vito","10":"first","11":"instock","12":"shipping-taxable","13":"purchasable","14":"product-type-variable"},"_links":{"self":[{"href":"https:\/\/www.marquesmater.pt\/novo\/wp-json\/wp\/v2\/product\/3159","targetHints":{"allow":["GET"]}}],"collection":[{"href":"https:\/\/www.marquesmater.pt\/novo\/wp-json\/wp\/v2\/product"}],"about":[{"href":"https:\/\/www.marquesmater.pt\/novo\/wp-json\/wp\/v2\/types\/product"}],"wp:featuredmedia":[{"embeddable":true,"href":"https:\/\/www.marquesmater.pt\/novo\/wp-json\/wp\/v2\/media\/3161"}],"wp:attachment":[{"href":"https:\/\/www.marquesmater.pt\/novo\/wp-json\/wp\/v2\/media?parent=3159"}],"wp:term":[{"taxonomy":"product_brand","embeddable":true,"href":"https:\/\/www.marquesmater.pt\/novo\/wp-json\/wp\/v2\/product_brand?post=3159"},{"taxonomy":"product_cat","embeddable":true,"href":"https:\/\/www.marquesmater.pt\/novo\/wp-json\/wp\/v2\/product_cat?post=3159"},{"taxonomy":"product_tag","embeddable":true,"href":"https:\/\/www.marquesmater.pt\/novo\/wp-json\/wp\/v2\/product_tag?post=3159"}],"curies":[{"name":"wp","href":"https:\/\/api.w.org\/{rel}","templated":true}]}}