{"id":3000,"date":"2019-03-07T18:01:28","date_gmt":"2019-03-07T18:01:28","guid":{"rendered":"http:\/\/www.marquesmater.pt\/?post_type=product&#038;p=3000"},"modified":"2026-03-19T11:46:17","modified_gmt":"2026-03-19T11:46:17","slug":"martelo-demolidor-1500w-sds-max","status":"publish","type":"product","link":"https:\/\/www.marquesmater.pt\/novo\/produto\/martelo-demolidor-1500w-sds-max\/","title":{"rendered":"Martelo Demolidor 1500W SDS Max"},"content":{"rendered":"<p>Com encaixe SDS-max, uma elevada pot\u00eancia e impacto apoiados por um sistema anti-vibra\u00e7\u00e3o, garante uma excelente performance nos trabalhos mais duros e exigentes.<\/p>\n","protected":false},"excerpt":{"rendered":"<p><strong>**Promo\u00e7\u00e3o v\u00e1lida de 06 de Novembro a 31 de Dezembro de 2023<\/strong><\/p>\n<p><strong>*Pre\u00e7o dos portes ser\u00e3o calculados posteriormente pela transportadora.<\/strong><\/p>\n<p><strong>*Enviaremos essa informa\u00e7\u00e3o por e-mail.<\/strong><\/p>\n<p>Pre\u00e7o sob consulta<\/p>\n","protected":false},"featured_media":3001,"template":"","meta":{"_et_pb_use_builder":"","_et_pb_old_content":"","_et_gb_content_width":""},"product_brand":[],"product_cat":[57,194,173],"product_tag":[],"class_list":{"0":"post-3000","1":"product","2":"type-product","3":"status-publish","4":"has-post-thumbnail","6":"product_cat-aparafusadoras","7":"product_cat-martelos-perfurador-demolidor","8":"product_cat-vito","10":"first","11":"onbackorder","12":"shipping-taxable","13":"purchasable","14":"product-type-simple"},"_links":{"self":[{"href":"https:\/\/www.marquesmater.pt\/novo\/wp-json\/wp\/v2\/product\/3000","targetHints":{"allow":["GET"]}}],"collection":[{"href":"https:\/\/www.marquesmater.pt\/novo\/wp-json\/wp\/v2\/product"}],"about":[{"href":"https:\/\/www.marquesmater.pt\/novo\/wp-json\/wp\/v2\/types\/product"}],"wp:featuredmedia":[{"embeddable":true,"href":"https:\/\/www.marquesmater.pt\/novo\/wp-json\/wp\/v2\/media\/3001"}],"wp:attachment":[{"href":"https:\/\/www.marquesmater.pt\/novo\/wp-json\/wp\/v2\/media?parent=3000"}],"wp:term":[{"taxonomy":"product_brand","embeddable":true,"href":"https:\/\/www.marquesmater.pt\/novo\/wp-json\/wp\/v2\/product_brand?post=3000"},{"taxonomy":"product_cat","embeddable":true,"href":"https:\/\/www.marquesmater.pt\/novo\/wp-json\/wp\/v2\/product_cat?post=3000"},{"taxonomy":"product_tag","embeddable":true,"href":"https:\/\/www.marquesmater.pt\/novo\/wp-json\/wp\/v2\/product_tag?post=3000"}],"curies":[{"name":"wp","href":"https:\/\/api.w.org\/{rel}","templated":true}]}}