{"id":2945,"date":"2019-03-06T18:44:49","date_gmt":"2019-03-06T18:44:49","guid":{"rendered":"http:\/\/www.marquesmater.pt\/?post_type=product&#038;p=2945"},"modified":"2026-03-19T12:11:29","modified_gmt":"2026-03-19T12:11:29","slug":"bota-pele-classic","status":"publish","type":"product","link":"https:\/\/www.marquesmater.pt\/novo\/produto\/bota-pele-classic\/","title":{"rendered":"Bota Pele Classic"},"content":{"rendered":"<p>CE EN ISO 20345. Biqueira protegida e absor\u00e7\u00e3o de energia no calcanhar. Sola anti est\u00e1tica, resistente ao \u00f3leo e com protec\u00e7\u00e3o.<\/p>\n","protected":false},"excerpt":{"rendered":"<p>CE EN ISO 20345. Biqueira protegida e absor\u00e7\u00e3o de energia no calcanhar. Sola anti est\u00e1tica, resistente ao \u00f3leo e com protec\u00e7\u00e3o.<\/p>\n","protected":false},"featured_media":2951,"template":"","meta":{"_et_pb_use_builder":"","_et_pb_old_content":"","_et_gb_content_width":""},"product_brand":[],"product_cat":[215,214,173],"product_tag":[],"class_list":{"0":"post-2945","1":"product","2":"type-product","3":"status-publish","4":"has-post-thumbnail","6":"product_cat-calcado-proteccao-e-seguranca","7":"product_cat-proteccao-e-seguranca","8":"product_cat-vito","10":"first","11":"instock","12":"shipping-taxable","13":"purchasable","14":"product-type-variable"},"_links":{"self":[{"href":"https:\/\/www.marquesmater.pt\/novo\/wp-json\/wp\/v2\/product\/2945","targetHints":{"allow":["GET"]}}],"collection":[{"href":"https:\/\/www.marquesmater.pt\/novo\/wp-json\/wp\/v2\/product"}],"about":[{"href":"https:\/\/www.marquesmater.pt\/novo\/wp-json\/wp\/v2\/types\/product"}],"wp:featuredmedia":[{"embeddable":true,"href":"https:\/\/www.marquesmater.pt\/novo\/wp-json\/wp\/v2\/media\/2951"}],"wp:attachment":[{"href":"https:\/\/www.marquesmater.pt\/novo\/wp-json\/wp\/v2\/media?parent=2945"}],"wp:term":[{"taxonomy":"product_brand","embeddable":true,"href":"https:\/\/www.marquesmater.pt\/novo\/wp-json\/wp\/v2\/product_brand?post=2945"},{"taxonomy":"product_cat","embeddable":true,"href":"https:\/\/www.marquesmater.pt\/novo\/wp-json\/wp\/v2\/product_cat?post=2945"},{"taxonomy":"product_tag","embeddable":true,"href":"https:\/\/www.marquesmater.pt\/novo\/wp-json\/wp\/v2\/product_tag?post=2945"}],"curies":[{"name":"wp","href":"https:\/\/api.w.org\/{rel}","templated":true}]}}