{"id":2749,"date":"2019-02-06T18:14:36","date_gmt":"2019-02-06T18:14:36","guid":{"rendered":"http:\/\/www.marquesmater.pt\/?post_type=product&#038;p=2749"},"modified":"2026-03-19T12:24:17","modified_gmt":"2026-03-19T12:24:17","slug":"multineuce-5l","status":"publish","type":"product","link":"https:\/\/www.marquesmater.pt\/novo\/produto\/multineuce-5l\/","title":{"rendered":"Multineuce-5L"},"content":{"rendered":"<p class=\"titulo-prod\"><strong>Caracter\u00edsticas<\/strong><\/p>\n<p>Prim\u00e1rio aquoso baseado em resinas acr\u00edlicas, pigmentos e cargas selecionadas.Permite uma boa ader\u00eancia em diversos substratos, como: madeira, bet\u00e3o, cimento, gesso, reboco tradicional, vidro, cer\u00e2mica (ex. azulejo), em interiores e exteriores.<\/p>\n<ul>\n<li>Secagem r\u00e1pida<\/li>\n<li>Grande poder de cobertura<\/li>\n<li>Excelente ader\u00eancia a uma grande variedade de substratos<\/li>\n<li>Eficaz a\u00e7\u00e3o anti-manchas (nicotina e taninos, etc\u2026)<\/li>\n<li>Praticamente inodoro<\/li>\n<\/ul>\n<p class=\"titulo-prod\"><strong>Utiliza\u00e7\u00e3o<\/strong><\/p>\n<p>Prepara\u00e7\u00e3o de paredes interiores\/exteriores sobre variados substratos.<\/p>\n<p class=\"titulo-prod\"><strong>Aplica\u00e7\u00e3o<\/strong><\/p>\n<p>Aplica\u00e7\u00e3o \u00e0 \u00a0trincha, rolo ou pistola, em 1 dem\u00e3o.<br \/>\nDem\u00e3os recomendadas: 1<\/p>\n<p class=\"titulo-prod\"><strong>Observa\u00e7\u00f5es<\/strong><\/p>\n<p>Rendimento: 9 m2\/L<\/p>\n<p>Dilui\u00e7\u00e3o:Pronto a aplicar<\/p>\n<p>Valor orientativo por dem\u00e3o.<\/p>\n","protected":false},"excerpt":{"rendered":"<p>Caracter\u00edsticas Prim\u00e1rio aquoso baseado em resinas acr\u00edlicas, pigmentos e cargas selecionadas.Permite uma boa ader\u00eancia em diversos substratos, como: madeira, bet\u00e3o, cimento, gesso, reboco tradicional, vidro, cer\u00e2mica (ex. azulejo), em interiores e exteriores. Secagem r\u00e1pida Grande poder de cobertura Excelente ader\u00eancia a uma grande variedade de substratos Eficaz a\u00e7\u00e3o anti-manchas (nicotina e taninos, etc\u2026) Praticamente inodoro [&hellip;]<\/p>\n","protected":false},"featured_media":2750,"template":"","meta":{"_et_pb_use_builder":"","_et_pb_old_content":"","_et_gb_content_width":""},"product_brand":[],"product_cat":[175,24,191,218],"product_tag":[],"class_list":{"0":"post-2749","1":"product","2":"type-product","3":"status-publish","4":"has-post-thumbnail","6":"product_cat-neuce","7":"product_cat-pinturas","8":"product_cat-tintas","9":"product_cat-tinta-interior","11":"first","12":"instock","13":"shipping-taxable","14":"purchasable","15":"product-type-simple"},"_links":{"self":[{"href":"https:\/\/www.marquesmater.pt\/novo\/wp-json\/wp\/v2\/product\/2749","targetHints":{"allow":["GET"]}}],"collection":[{"href":"https:\/\/www.marquesmater.pt\/novo\/wp-json\/wp\/v2\/product"}],"about":[{"href":"https:\/\/www.marquesmater.pt\/novo\/wp-json\/wp\/v2\/types\/product"}],"wp:featuredmedia":[{"embeddable":true,"href":"https:\/\/www.marquesmater.pt\/novo\/wp-json\/wp\/v2\/media\/2750"}],"wp:attachment":[{"href":"https:\/\/www.marquesmater.pt\/novo\/wp-json\/wp\/v2\/media?parent=2749"}],"wp:term":[{"taxonomy":"product_brand","embeddable":true,"href":"https:\/\/www.marquesmater.pt\/novo\/wp-json\/wp\/v2\/product_brand?post=2749"},{"taxonomy":"product_cat","embeddable":true,"href":"https:\/\/www.marquesmater.pt\/novo\/wp-json\/wp\/v2\/product_cat?post=2749"},{"taxonomy":"product_tag","embeddable":true,"href":"https:\/\/www.marquesmater.pt\/novo\/wp-json\/wp\/v2\/product_tag?post=2749"}],"curies":[{"name":"wp","href":"https:\/\/api.w.org\/{rel}","templated":true}]}}