{"id":1131,"date":"2018-07-02T10:19:46","date_gmt":"2018-07-02T10:19:46","guid":{"rendered":"http:\/\/www.marquesmater.pt\/novo\/?post_type=product&#038;p=1131"},"modified":"2025-01-01T00:19:02","modified_gmt":"2025-01-01T00:19:02","slug":"extensao-8x16a-c-prot-e-int-usb-3g1-5mm-15m-office-pro","status":"publish","type":"product","link":"https:\/\/www.marquesmater.pt\/novo\/produto\/extensao-8x16a-c-prot-e-int-usb-3g1-5mm-15m-office-pro\/","title":{"rendered":"Extens\u00e3o 8x16A C\/Prot. E Int.+Usb 3g1.5MM &#8211; 1,5m Office Pro"},"content":{"rendered":"<p><strong>**Promo\u00e7\u00e3o v\u00e1lida de 06 de Novembro a 31 de Dezembro de 2023<\/strong><\/p>\n","protected":false},"excerpt":{"rendered":"<p>**Promo\u00e7\u00e3o v\u00e1lida de 06 de Novembro a 31 de Dezembro de 2023<\/p>\n","protected":false},"featured_media":1161,"template":"","meta":{"_et_pb_use_builder":"","_et_pb_old_content":"","_et_gb_content_width":""},"product_brand":[],"product_cat":[174,20,19,16],"product_tag":[],"class_list":{"0":"post-1131","1":"product","2":"type-product","3":"status-publish","4":"has-post-thumbnail","6":"product_cat-aslo","7":"product_cat-cabos-e-fios","8":"product_cat-extensoes-eletricas","9":"product_cat-material-eletrico","11":"first","12":"instock","13":"shipping-taxable","14":"purchasable","15":"product-type-simple"},"_links":{"self":[{"href":"https:\/\/www.marquesmater.pt\/novo\/wp-json\/wp\/v2\/product\/1131","targetHints":{"allow":["GET"]}}],"collection":[{"href":"https:\/\/www.marquesmater.pt\/novo\/wp-json\/wp\/v2\/product"}],"about":[{"href":"https:\/\/www.marquesmater.pt\/novo\/wp-json\/wp\/v2\/types\/product"}],"wp:featuredmedia":[{"embeddable":true,"href":"https:\/\/www.marquesmater.pt\/novo\/wp-json\/wp\/v2\/media\/1161"}],"wp:attachment":[{"href":"https:\/\/www.marquesmater.pt\/novo\/wp-json\/wp\/v2\/media?parent=1131"}],"wp:term":[{"taxonomy":"product_brand","embeddable":true,"href":"https:\/\/www.marquesmater.pt\/novo\/wp-json\/wp\/v2\/product_brand?post=1131"},{"taxonomy":"product_cat","embeddable":true,"href":"https:\/\/www.marquesmater.pt\/novo\/wp-json\/wp\/v2\/product_cat?post=1131"},{"taxonomy":"product_tag","embeddable":true,"href":"https:\/\/www.marquesmater.pt\/novo\/wp-json\/wp\/v2\/product_tag?post=1131"}],"curies":[{"name":"wp","href":"https:\/\/api.w.org\/{rel}","templated":true}]}}