{"id":1115,"date":"2018-07-02T10:06:51","date_gmt":"2018-07-02T10:06:51","guid":{"rendered":"http:\/\/www.marquesmater.pt\/novo\/?post_type=product&#038;p=1115"},"modified":"2026-03-19T12:34:17","modified_gmt":"2026-03-19T12:34:17","slug":"enrolador-3x1-5","status":"publish","type":"product","link":"https:\/\/www.marquesmater.pt\/novo\/produto\/enrolador-3x1-5\/","title":{"rendered":"Enrolador 3X1.5"},"content":{"rendered":"<p>Tampa de Prote\u00e7\u00e3o e Prote\u00e7\u00e3o T\u00e9rmica<\/p>\n","protected":false},"excerpt":{"rendered":"<p>Tampa de Prote\u00e7\u00e3o e Prote\u00e7\u00e3o T\u00e9rmica<\/p>\n","protected":false},"featured_media":1154,"template":"","meta":{"_et_pb_use_builder":"","_et_pb_old_content":"","_et_gb_content_width":""},"product_brand":[],"product_cat":[174,19,16],"product_tag":[],"class_list":{"0":"post-1115","1":"product","2":"type-product","3":"status-publish","4":"has-post-thumbnail","6":"product_cat-aslo","7":"product_cat-extensoes-eletricas","8":"product_cat-material-eletrico","10":"first","11":"instock","12":"shipping-taxable","13":"purchasable","14":"product-type-variable"},"_links":{"self":[{"href":"https:\/\/www.marquesmater.pt\/novo\/wp-json\/wp\/v2\/product\/1115","targetHints":{"allow":["GET"]}}],"collection":[{"href":"https:\/\/www.marquesmater.pt\/novo\/wp-json\/wp\/v2\/product"}],"about":[{"href":"https:\/\/www.marquesmater.pt\/novo\/wp-json\/wp\/v2\/types\/product"}],"wp:featuredmedia":[{"embeddable":true,"href":"https:\/\/www.marquesmater.pt\/novo\/wp-json\/wp\/v2\/media\/1154"}],"wp:attachment":[{"href":"https:\/\/www.marquesmater.pt\/novo\/wp-json\/wp\/v2\/media?parent=1115"}],"wp:term":[{"taxonomy":"product_brand","embeddable":true,"href":"https:\/\/www.marquesmater.pt\/novo\/wp-json\/wp\/v2\/product_brand?post=1115"},{"taxonomy":"product_cat","embeddable":true,"href":"https:\/\/www.marquesmater.pt\/novo\/wp-json\/wp\/v2\/product_cat?post=1115"},{"taxonomy":"product_tag","embeddable":true,"href":"https:\/\/www.marquesmater.pt\/novo\/wp-json\/wp\/v2\/product_tag?post=1115"}],"curies":[{"name":"wp","href":"https:\/\/api.w.org\/{rel}","templated":true}]}}