{"id":522,"date":"2018-06-13T15:17:32","date_gmt":"2018-06-13T15:17:32","guid":{"rendered":"http:\/\/www.marquesmater.pt\/novo\/?page_id=522"},"modified":"2025-02-03T12:50:28","modified_gmt":"2025-02-03T12:50:28","slug":"servicos","status":"publish","type":"page","link":"https:\/\/www.marquesmater.pt\/novo\/servicos\/","title":{"rendered":"Servi\u00e7os"},"content":{"rendered":"<p>[et_pb_section fb_built=&#8221;1&#8243; _builder_version=&#8221;4.16&#8243; custom_padding=&#8221;54px|0px|44px|0px|false|false&#8221; global_colors_info=&#8221;{}&#8221;][et_pb_row column_structure=&#8221;1_2,1_2&#8243; _builder_version=&#8221;4.16&#8243; global_colors_info=&#8221;{}&#8221;][et_pb_column type=&#8221;1_2&#8243; _builder_version=&#8221;4.16&#8243; custom_padding=&#8221;|||&#8221; global_colors_info=&#8221;{}&#8221; custom_padding__hover=&#8221;|||&#8221;][et_pb_text _builder_version=&#8221;4.16&#8243; global_colors_info=&#8221;{}&#8221;]<\/p>\n<h1>Assist\u00eancia na hora<\/h1>\n<p>Sabia que pode escolher a sua cor preferida no momento e na nossa loja?<\/p>\n<p>As tintas\u00a0<a href=\"http:\/\/www.marquesmater.com\/index.php\/pt\/produtos\/pinturas?pid=1&amp;search=&amp;order=i.ordering&amp;dir=asc&amp;cm=0#tlb\">Neuce<\/a> oferecem-lhe um mundo de cores que pode levar para casa sem demora.<\/p>\n<p>[\/et_pb_text][\/et_pb_column][et_pb_column type=&#8221;1_2&#8243; _builder_version=&#8221;4.16&#8243; custom_padding=&#8221;|||&#8221; global_colors_info=&#8221;{}&#8221; custom_padding__hover=&#8221;|||&#8221;][et_pb_text _builder_version=&#8221;4.16&#8243; global_colors_info=&#8221;{}&#8221;]<\/p>\n<h1 style=\"text-align: right;\">Destaques:<\/h1>\n<p style=\"text-align: right;\">Para reparar, colar e vedar.<\/p>\n<p style=\"text-align: right;\">A nossa vasta gama de produtos\u00a0<a href=\"http:\/\/www.marquesmater.com\/index.php\/pt\/produtos\/drogaria?pid=19&amp;search=&amp;order=i.ordering&amp;dir=asc&amp;cm=0#tlb\">Henkel<\/a> e Soudal cobre todas as suas necessidades dom\u00e9sticas ou profissionais.<\/p>\n<p>[\/et_pb_text][\/et_pb_column][\/et_pb_row][et_pb_row column_structure=&#8221;1_2,1_2&#8243; _builder_version=&#8221;4.16&#8243; global_colors_info=&#8221;{}&#8221;][et_pb_column type=&#8221;1_2&#8243; _builder_version=&#8221;4.16&#8243; custom_padding=&#8221;|||&#8221; global_colors_info=&#8221;{}&#8221; custom_padding__hover=&#8221;|||&#8221;][et_pb_text _builder_version=&#8221;4.27.4&#8243; hover_enabled=&#8221;0&#8243; global_colors_info=&#8221;{}&#8221; sticky_enabled=&#8221;0&#8243;]<\/p>\n<div class=\"jm-title-wrap\">\n<div class=\"jm-title-space\">\n<h1 class=\"jm-title \" style=\"text-align: right;\">\u00daltimas!<\/h1>\n<\/div>\n<\/div>\n<div class=\"jm-module-content clearfix\">\n<div class=\"newsflash blank-ms\">\n<h3 class=\"section-title-24\" style=\"text-align: right; padding-left: 40px;\">Hydro Block Wet<\/h3>\n<h4 style=\"text-align: right; padding-left: 40px;\"><span>Membrana liquida imperme\u00e1vel \u00e0 \u00e1gua<\/span><\/h4>\n<p><span>HydroBlock Wet \u00e9 um produto impermeabilizante mono componente, sem solventes, para superf\u00edcies verticais e horizontais da Soudal.<\/span><\/p>\n<p style=\"text-align: right;\">\n<\/div>\n<\/div>\n<p>[\/et_pb_text][\/et_pb_column][et_pb_column type=&#8221;1_2&#8243; _builder_version=&#8221;4.16&#8243; custom_padding=&#8221;|||&#8221; global_colors_info=&#8221;{}&#8221; custom_padding__hover=&#8221;|||&#8221;][\/et_pb_column][\/et_pb_row][\/et_pb_section][et_pb_section fb_built=&#8221;1&#8243; _builder_version=&#8221;4.16&#8243; custom_padding=&#8221;0|0px|0|0px|false|false&#8221; global_colors_info=&#8221;{}&#8221;][\/et_pb_section]<\/p>\n","protected":false},"excerpt":{"rendered":"<p>Assist\u00eancia na hora Sabia que pode escolher a sua cor preferida no momento e na nossa loja? As tintas\u00a0Neuce oferecem-lhe um mundo de cores que pode levar para casa sem demora.Destaques: Para reparar, colar e vedar. A nossa vasta gama de produtos\u00a0Henkel e Soudal cobre todas as suas necessidades dom\u00e9sticas ou profissionais. \u00daltimas! Hydro Block [&hellip;]<\/p>\n","protected":false},"author":2,"featured_media":0,"parent":0,"menu_order":0,"comment_status":"closed","ping_status":"closed","template":"","meta":{"_et_pb_use_builder":"on","_et_pb_old_content":"","_et_gb_content_width":"","footnotes":""},"class_list":["post-522","page","type-page","status-publish","hentry"],"_links":{"self":[{"href":"https:\/\/www.marquesmater.pt\/novo\/wp-json\/wp\/v2\/pages\/522","targetHints":{"allow":["GET"]}}],"collection":[{"href":"https:\/\/www.marquesmater.pt\/novo\/wp-json\/wp\/v2\/pages"}],"about":[{"href":"https:\/\/www.marquesmater.pt\/novo\/wp-json\/wp\/v2\/types\/page"}],"author":[{"embeddable":true,"href":"https:\/\/www.marquesmater.pt\/novo\/wp-json\/wp\/v2\/users\/2"}],"replies":[{"embeddable":true,"href":"https:\/\/www.marquesmater.pt\/novo\/wp-json\/wp\/v2\/comments?post=522"}],"version-history":[{"count":3,"href":"https:\/\/www.marquesmater.pt\/novo\/wp-json\/wp\/v2\/pages\/522\/revisions"}],"predecessor-version":[{"id":4094,"href":"https:\/\/www.marquesmater.pt\/novo\/wp-json\/wp\/v2\/pages\/522\/revisions\/4094"}],"wp:attachment":[{"href":"https:\/\/www.marquesmater.pt\/novo\/wp-json\/wp\/v2\/media?parent=522"}],"curies":[{"name":"wp","href":"https:\/\/api.w.org\/{rel}","templated":true}]}}