{"id":351,"date":"2018-06-06T11:35:32","date_gmt":"2018-06-06T11:35:32","guid":{"rendered":"http:\/\/www.marquesmater.pt\/novo\/?page_id=351"},"modified":"2022-11-02T17:24:21","modified_gmt":"2022-11-02T17:24:21","slug":"quem-somos","status":"publish","type":"page","link":"https:\/\/www.marquesmater.pt\/novo\/quem-somos\/","title":{"rendered":"Quem Somos"},"content":{"rendered":"<p>[et_pb_section fb_built=&#8221;1&#8243; _builder_version=&#8221;4.16&#8243; global_colors_info=&#8221;{}&#8221;][et_pb_row _builder_version=&#8221;4.16&#8243; background_size=&#8221;initial&#8221; background_position=&#8221;top_left&#8221; background_repeat=&#8221;repeat&#8221; global_colors_info=&#8221;{}&#8221;][et_pb_column type=&#8221;4_4&#8243; _builder_version=&#8221;4.16&#8243; custom_padding=&#8221;|||&#8221; global_colors_info=&#8221;{}&#8221; custom_padding__hover=&#8221;|||&#8221;][et_pb_text _builder_version=&#8221;4.16&#8243; global_colors_info=&#8221;{}&#8221;]<\/p>\n<h1>Historial<\/h1>\n<p>[\/et_pb_text][\/et_pb_column][\/et_pb_row][et_pb_row column_structure=&#8221;2_3,1_3&#8243; _builder_version=&#8221;4.16&#8243; background_size=&#8221;initial&#8221; background_position=&#8221;top_left&#8221; background_repeat=&#8221;repeat&#8221; global_colors_info=&#8221;{}&#8221;][et_pb_column type=&#8221;2_3&#8243; _builder_version=&#8221;4.16&#8243; custom_padding=&#8221;|||&#8221; global_colors_info=&#8221;{}&#8221; custom_padding__hover=&#8221;|||&#8221;][et_pb_text _builder_version=&#8221;4.16&#8243; global_colors_info=&#8221;{}&#8221;]<\/p>\n<p>A empresa MarquesMater foi fundada a 24 de Maio de 1987 com a denomina\u00e7\u00e3o social Pinturas Rog\u00e9rio &amp; Irm\u00e3o, Lda. como empresa familiar, pelos s\u00f3cios Jos\u00e9 Manuel Marques e Rog\u00e9rio Marques, uma sociedade por quotas com capital social de 400 contos, no lugar de Louri\u00e7al &#8211; Pombal, inicialmente dedicada \u00e0 pintura de constru\u00e7\u00e3o civil de obras p\u00fablicas com as suas instala\u00e7\u00f5es na rua da Miseric\u00f3rdia.<\/p>\n<p>Ap\u00f3s tr\u00eas anos de exist\u00eancia, em 1989, decidiram criar uma loja de tintas e acess\u00f3rios para pintura, devido \u00e0 escassez deste tipo de material nesta zona, \u00e0 constante necessidade e pedidos por este tipo de artigos por moradores e trabalhadores. Contudo, e pela constante procura, houve a necessidade de expandir o neg\u00f3cio para outras \u00e1reas. Em 1991,com as exig\u00eancias do mercado houve a necessidade de criar um novo espa\u00e7o de com\u00e9rcio, e para al\u00e9m da comercializa\u00e7\u00e3o de tintas e acess\u00f3rios expandiu o seu neg\u00f3cio para a comercializa\u00e7\u00e3o de ferragens e ferramentas de constru\u00e7\u00e3o civil.\u00a0<\/p>\n<p>&nbsp;<\/p>\n<p>&nbsp;<\/p>\n<p>[\/et_pb_text][\/et_pb_column][et_pb_column type=&#8221;1_3&#8243; _builder_version=&#8221;4.16&#8243; custom_padding=&#8221;|||&#8221; global_colors_info=&#8221;{}&#8221; custom_padding__hover=&#8221;|||&#8221;][et_pb_image src=&#8221;https:\/\/www.marquesmater.pt\/novo\/wp-content\/uploads\/2018\/06\/empresa.jpg&#8221; align_tablet=&#8221;center&#8221; align_phone=&#8221;center&#8221; align_last_edited=&#8221;on|desktop&#8221; _builder_version=&#8221;4.16&#8243; global_colors_info=&#8221;{}&#8221;][\/et_pb_image][\/et_pb_column][\/et_pb_row][et_pb_row column_structure=&#8221;1_3,1_3,1_3&#8243; _builder_version=&#8221;4.16&#8243; background_size=&#8221;initial&#8221; background_position=&#8221;top_left&#8221; background_repeat=&#8221;repeat&#8221; custom_padding=&#8221;|0px||||&#8221; global_colors_info=&#8221;{}&#8221;][et_pb_column type=&#8221;1_3&#8243; _builder_version=&#8221;4.16&#8243; custom_padding=&#8221;|||&#8221; global_colors_info=&#8221;{}&#8221; custom_padding__hover=&#8221;|||&#8221;][et_pb_image src=&#8221;https:\/\/www.marquesmater.pt\/novo\/wp-content\/uploads\/2022\/11\/IMG-20220804-WA0005.jpg&#8221; title_text=&#8221;IMG-20220804-WA0005&#8243; align_tablet=&#8221;center&#8221; align_phone=&#8221;center&#8221; align_last_edited=&#8221;on|desktop&#8221; _builder_version=&#8221;4.18.1&#8243; width=&#8221;100%&#8221; min_height=&#8221;153.2px&#8221; custom_margin=&#8221;||29px|||&#8221; custom_padding=&#8221;||0px|||&#8221; global_colors_info=&#8221;{}&#8221;][\/et_pb_image][\/et_pb_column][et_pb_column type=&#8221;1_3&#8243; _builder_version=&#8221;4.16&#8243; custom_padding=&#8221;|||&#8221; global_colors_info=&#8221;{}&#8221; custom_padding__hover=&#8221;|||&#8221;][et_pb_image src=&#8221;https:\/\/www.marquesmater.pt\/novo\/wp-content\/uploads\/2022\/11\/IMG-20220804-WA0008.jpg&#8221; title_text=&#8221;IMG-20220804-WA0008&#8243; align_tablet=&#8221;center&#8221; align_phone=&#8221;center&#8221; align_last_edited=&#8221;on|desktop&#8221; _builder_version=&#8221;4.18.1&#8243; min_height=&#8221;120.4px&#8221; custom_margin=&#8221;|-21px|1px|||&#8221; custom_padding=&#8221;||0px|5px||&#8221; global_colors_info=&#8221;{}&#8221;][\/et_pb_image][\/et_pb_column][et_pb_column type=&#8221;1_3&#8243; _builder_version=&#8221;4.16&#8243; custom_padding=&#8221;|||&#8221; global_colors_info=&#8221;{}&#8221; custom_padding__hover=&#8221;|||&#8221;][et_pb_image src=&#8221;https:\/\/www.marquesmater.pt\/novo\/wp-content\/uploads\/2022\/11\/IMG-20220804-WA0014.jpg&#8221; title_text=&#8221;IMG-20220804-WA0014&#8243; align_tablet=&#8221;center&#8221; align_phone=&#8221;center&#8221; align_last_edited=&#8221;on|desktop&#8221; _builder_version=&#8221;4.18.1&#8243; width=&#8221;100%&#8221; min_height=&#8221;152.2px&#8221; custom_margin=&#8221;||11px|||&#8221; custom_padding=&#8221;||14px|||&#8221; global_colors_info=&#8221;{}&#8221;][\/et_pb_image][\/et_pb_column][\/et_pb_row][et_pb_row _builder_version=&#8221;4.16&#8243; background_size=&#8221;initial&#8221; background_position=&#8221;top_left&#8221; background_repeat=&#8221;repeat&#8221; global_colors_info=&#8221;{}&#8221;][et_pb_column type=&#8221;4_4&#8243; _builder_version=&#8221;4.16&#8243; custom_padding=&#8221;|||&#8221; global_colors_info=&#8221;{}&#8221; custom_padding__hover=&#8221;|||&#8221;][et_pb_text _builder_version=&#8221;4.16&#8243; custom_margin=&#8221;-32px|||||&#8221; global_colors_info=&#8221;{}&#8221;]Com o desenrolar da actividade, foram-se introduzindo gradualmente novos produtos, vindo estes cada vez mais, a complementar os j\u00e1 existentes de modo a poder dar resposta \u00e0s necessidades dos clientes. O crescimento da empresa foi acompanhado pelo aumento do volume de vendas, assim, em 2001, dez anos depois, a empresa aumentou o capital social para 50.000\u20ac e alterou o seu pacto social passando a partir desta data a ser uma empresa de comercializa\u00e7\u00e3o e aplica\u00e7\u00e3o de tintas no sector da constru\u00e7\u00e3o civil; compra e venda de propriedades; constru\u00e7\u00e3o civil; loteamentos e urbaniza\u00e7\u00f5es, venda de materiais de constru\u00e7\u00e3o civil, de m\u00e1quinas, de equipamentos, de utens\u00edlios e ferramentas e actividades similares. Surgiu assim a necessidade de construir instala\u00e7\u00f5es pr\u00f3prias, um espa\u00e7o com mais de 1500m2 na rua sociedade Filarm\u00f3nica, que respondesse \u00e0s necessidades da empresa e clientes, deixando de haver o tradicional balc\u00e3o de atendimento, passando a dispor de um sistema de \u201cself-service\u201d onde os clientes possam estar em contacto com a grande diversidade de produtos.<\/p>\n<p>Em 2011, a empresa alterou o valor das quotas da sociedade, tendo o s\u00f3cio Jos\u00e9 Manuel Marques adquirido mais 4% da quota somado assim 52%.<\/p>\n<p>Em Novembro de 2014, a empresa alterou a sua denomina\u00e7\u00e3o social para MarquesMater-Materiais de Constru\u00e7\u00e3o e Pinturas, Lda, adaptando assim o nome \u00e0 realidade da sua actividade actual, mantendo no entanto todos os registos desde a sua funda\u00e7\u00e3o.<\/p>\n<p>Em 2016 o s\u00f3cio Jos\u00e9 Manuel Marques adquire a totalidade das quotas distribuindo 48% em duas quotas iguais pelas suas filhas Andreia Marques e M\u00f3nica Marques.<\/p>\n<p>Fruto do reconhecimento do mercado, a empresa tem vindo n\u00e3o s\u00f3 a conquistar novos clientes, mas tamb\u00e9m novos e conceituados parceiros nacionais e internacionais, representando mais de 100 empresas e comercializando uma variedade de mais de 24.000 produtos para a bricolage, constru\u00e7\u00e3o, jardim e agricultura.<\/p>\n<p>Tem ainda ao seu servi\u00e7o uma equipa de profissionais com mais de 30 anos de experi\u00eancia na \u00e1rea da restaura\u00e7\u00e3o, isolamento t\u00e9rmico e pinturas.<\/p>\n<p>&nbsp;<br \/>\n[\/et_pb_text][\/et_pb_column][\/et_pb_row][\/et_pb_section]<\/p>\n","protected":false},"excerpt":{"rendered":"<p>Historial A empresa MarquesMater foi fundada a 24 de Maio de 1987 com a denomina\u00e7\u00e3o social Pinturas Rog\u00e9rio &amp; Irm\u00e3o, Lda. como empresa familiar, pelos s\u00f3cios Jos\u00e9 Manuel Marques e Rog\u00e9rio Marques, uma sociedade por quotas com capital social de 400 contos, no lugar de Louri\u00e7al &#8211; Pombal, inicialmente dedicada \u00e0 pintura de constru\u00e7\u00e3o civil [&hellip;]<\/p>\n","protected":false},"author":1,"featured_media":0,"parent":0,"menu_order":0,"comment_status":"closed","ping_status":"closed","template":"","meta":{"_et_pb_use_builder":"on","_et_pb_old_content":"<p>\u00a0<\/p><p>\u00a0<\/p><p>\u00a0<\/p><p style=\"text-align: center;\">- EM DESENVOLVIMENTO -<\/p>","_et_gb_content_width":"","footnotes":""},"class_list":["post-351","page","type-page","status-publish","hentry"],"_links":{"self":[{"href":"https:\/\/www.marquesmater.pt\/novo\/wp-json\/wp\/v2\/pages\/351","targetHints":{"allow":["GET"]}}],"collection":[{"href":"https:\/\/www.marquesmater.pt\/novo\/wp-json\/wp\/v2\/pages"}],"about":[{"href":"https:\/\/www.marquesmater.pt\/novo\/wp-json\/wp\/v2\/types\/page"}],"author":[{"embeddable":true,"href":"https:\/\/www.marquesmater.pt\/novo\/wp-json\/wp\/v2\/users\/1"}],"replies":[{"embeddable":true,"href":"https:\/\/www.marquesmater.pt\/novo\/wp-json\/wp\/v2\/comments?post=351"}],"version-history":[{"count":16,"href":"https:\/\/www.marquesmater.pt\/novo\/wp-json\/wp\/v2\/pages\/351\/revisions"}],"predecessor-version":[{"id":3500,"href":"https:\/\/www.marquesmater.pt\/novo\/wp-json\/wp\/v2\/pages\/351\/revisions\/3500"}],"wp:attachment":[{"href":"https:\/\/www.marquesmater.pt\/novo\/wp-json\/wp\/v2\/media?parent=351"}],"curies":[{"name":"wp","href":"https:\/\/api.w.org\/{rel}","templated":true}]}}