{"id":1218,"date":"2018-07-13T08:34:01","date_gmt":"2018-07-13T08:34:01","guid":{"rendered":"http:\/\/www.marquesmater.pt\/novo\/?page_id=1218"},"modified":"2018-07-13T08:55:50","modified_gmt":"2018-07-13T08:55:50","slug":"caracteristicas-superneuce","status":"publish","type":"page","link":"https:\/\/www.marquesmater.pt\/novo\/caracteristicas-superneuce\/","title":{"rendered":"Caracter\u00edsticas Superneuce"},"content":{"rendered":"<p>[et_pb_section bb_built=&#8221;1&#8243;][et_pb_row][et_pb_column type=&#8221;4_4&#8243;][et_pb_text _builder_version=&#8221;3.6&#8243;]<\/p>\n<h1>Caracter\u00edsticas Superneuce<\/h1>\n<p><img loading=\"lazy\" decoding=\"async\" class=\"size-full wp-image-1013 alignright\" src=\"https:\/\/www.marquesmater.pt\/novo\/wp-content\/uploads\/2018\/06\/superneuce.jpg\" alt=\"\" width=\"350\" height=\"350\" srcset=\"https:\/\/www.marquesmater.pt\/novo\/wp-content\/uploads\/2018\/06\/superneuce.jpg 350w, https:\/\/www.marquesmater.pt\/novo\/wp-content\/uploads\/2018\/06\/superneuce-300x300.jpg 300w, https:\/\/www.marquesmater.pt\/novo\/wp-content\/uploads\/2018\/06\/superneuce-100x100.jpg 100w, https:\/\/www.marquesmater.pt\/novo\/wp-content\/uploads\/2018\/06\/superneuce-150x150.jpg 150w\" sizes=\"(max-width: 350px) 100vw, 350px\" \/><\/p>\n<p>PROPRIEDADES:<\/p>\n<p>&#8211; Grande resist\u00eancia \u00e0 intemp\u00e9rie e aos alcalis.<br \/>\n&#8211; F\u00e1cil aplica\u00e7\u00e3o e boa cobertura.<br \/>\n&#8211; Boa resist\u00eancia \u00e0 limpeza h\u00famida.<br \/>\n&#8211; Grande durabilidade.<\/p>\n<p>CARACTER\u00cdSTICAS:<\/p>\n<p>&#8211; Densidade&#8230;&#8230;&#8230;&#8230;&#8230;&#8230;&#8230;&#8230;&#8230;&#8230;1,520 \u00b1 0,10 (p\/ cor branca)<br \/>\n&#8211; Viscosidade&#8230;&#8230;&#8230;&#8230;&#8230;&#8230;&#8230;&#8230;&#8230;.92-124 Ku (25\u00baC)<br \/>\n&#8211; Cor&#8230;&#8230;&#8230;&#8230;&#8230;&#8230;&#8230;&#8230;&#8230;&#8230;&#8230;&#8230;&#8230;&#8230;Branca, as do cat\u00e1logo e outras<br \/>\n&#8211; Acabamento&#8230;&#8230;&#8230;&#8230;&#8230;&#8230;&#8230;&#8230;&#8230;.Mate<br \/>\n&#8211; Secagem ao tacto&#8230;&#8230;&#8230;&#8230;&#8230;&#8230;..\u00b1 1 hora<br \/>\n&#8211; Secagem profundidade&#8230;&#8230;&#8230;.\u00b1 24 horas<br \/>\n&#8211; Teor em CIT\/MIT&#8230;&#8230;&#8230;&#8230;&#8230;&#8230;&lt; 15 ppm<br \/>\n&#8211; COV (compostos org\u00e2nicos vol\u00e1teis)\u2026.\u00aa) Valor limite UE para este<br \/>\nproduto cat. (A\/a) 30 g\/l (2010). Este produto cont\u00e9m no<br \/>\nm\u00e1ximo 30g\/l COV.<\/p>\n<p>UTILIZA\u00c7\u00c3O:<\/p>\n<p>Sendo uma tinta de alta qualidade poder\u00e1 ser aplicada quer no exterior quer no interior e nos mais variados tipos de suporte, tais<br \/>\ncomo: reboco areado ou liso, bet\u00e3o, tijolo, paredes estucadas e estanhadas, etc.<br \/>\nPossibilita bonitos acabamentos numa vasta gama de cores.<\/p>\n<p>PREPARA\u00c7\u00c3O DA\u00a0SUPERFICIE:<\/p>\n<p>O reboco novo deve estar limpo, seco, duro, isento de sujidade, de poeiras e de efloresc\u00eancias alcalinas ou \u201cmusgos\u201d, antes de se iniciar<br \/>\na aplica\u00e7\u00e3o. No caso de repinturas escovar bem as paredes de modo a serem eliminados restos de tinta velha ou a esfoliar. Sendo as paredes exteriores esta opera\u00e7\u00e3o \u00e9 facilitada utilizando jacto de \u00e1gua sobre press\u00e3o.<\/p>\n<p>ISOLAMENTO DA SUPERFICIE:<\/p>\n<p>Uma escolha criteriosa da 1\u00aa dem\u00e3o (isolamento) ajuda a obter melhores acabamentos e a resolver certos problemas existentes na superf\u00edcie a pintar.<br \/>\nRecomendamos como isolamentos especiais:<br \/>\nUma dem\u00e3o \u201cPLIONEUCE PRIM\u00c1RIO\u201d \u2013 Sem dilui\u00e7\u00e3o.<br \/>\nUma dem\u00e3o \u201cHYDRONEUCE PRIM\u00c1RIO\u201d \u2013 Sem dilui\u00e7\u00e3o.<br \/>\nUma dem\u00e3o \u201cAQUANEUCE \u2013 Prim\u00e1rio Acr\u00edlico Aquoso Branco\u201d \u2013 Sem dilui\u00e7\u00e3o.<br \/>\nUma dem\u00e3o \u201cMULTINEUCE \u2013 Prim\u00e1rio Acr\u00edlico Aquoso Multiusos\u201d \u2013 Sem dilui\u00e7\u00e3o.<br \/>\nUma dem\u00e3o \u201cMARSOL \u2013 Prim\u00e1rio Acr\u00edlico de Alto Enchimento\u201d \u2013 Dilu\u00eddo a 10% com \u00e1gua<\/p>\n<p>APLICA\u00c7\u00c3O:<\/p>\n<p>Mexer bem o produto antes de o aplicar. A aplica\u00e7\u00e3o \u00e9 feita \u00e0 trincha, rolo ou pistola, em 2 a 3 dem\u00e3os convenientemente dilu\u00eddas e intervaladas de 12 a 24 horas.<\/p>\n<p>DILUI\u00c7\u00c3O:<\/p>\n<p>\u00c8 feita com \u00e1gua nas seguintes propor\u00e7\u00f5es aproximadamente:<br \/>\n1\u00aa Dem\u00e3o&#8230;&#8230;&#8230;&#8230;&#8230;&#8230;&#8230;&#8230;&#8230;&#8230;&#8230;&#8230;&#8230;&#8230;&#8230;.10%.<br \/>\nRestantes&#8230;&#8230;&#8230;&#8230;&#8230;&#8230;&#8230;&#8230;&#8230;&#8230;&#8230;&#8230;.5% a 10%.<\/p>\n<p>RENDIMENTO:<\/p>\n<p>Vari\u00e1vel de acordo com a absor\u00e7\u00e3o do suporte, e as condi\u00e7\u00f5es de aplica\u00e7\u00e3o.<br \/>\nEm m\u00e9dia e por dem\u00e3o 11 a 15 m\u00b2\/litro.<\/p>\n<p>LIMPEZA DO MATERIAL:<\/p>\n<p>Com \u00e1gua, logo ap\u00f3s a aplica\u00e7\u00e3o.<\/p>\n<p>PRECAU\u00c7\u00d5ES:<\/p>\n<p>Este produto n\u00e3o \u00e9 irritante nem apresenta risco de causar sensibiliza\u00e7\u00e3o em contacto com a pele. Apesar de n\u00e3o apresentar\u00a0riscos para a sa\u00fade, \u00e9 aconselh\u00e1vel manter fora do alcance das\u00a0crian\u00e7as. Para mais informa\u00e7\u00e3o consultar a Ficha de Seguran\u00e7a do produto \u00e9 fundamental.<\/p>\n<p>RECOMENDA\u00c7\u00d5ES:<\/p>\n<p>N\u00e3o aplicar sobre suportes muito quentes por exposi\u00e7\u00e3o solar.\u00a0Temperatura de aplica\u00e7\u00e3o entre 5\u00baC e 35\u00baC, humidade relativa\u00a0inferior a 80%, temperatura do suporte 2 a 3\u00baC acima do ponto de\u00a0orvalho.<\/p>\n<p>[\/et_pb_text][\/et_pb_column][\/et_pb_row][\/et_pb_section]<\/p>\n","protected":false},"excerpt":{"rendered":"<p><div class=\"et_pb_row et_pb_row_0 et_pb_row_empty\">\n\t\t\t\t\n\t\t\t\t\n\t\t\t\t\n\t\t\t\t\n\t\t\t\t\n\t\t\t<\/div> Caracter\u00edsticas Superneuce PROPRIEDADES: &#8211; Grande resist\u00eancia \u00e0 intemp\u00e9rie e aos alcalis. &#8211; F\u00e1cil aplica\u00e7\u00e3o e boa cobertura. &#8211; Boa resist\u00eancia \u00e0 limpeza h\u00famida. &#8211; Grande durabilidade. CARACTER\u00cdSTICAS: &#8211; Densidade&#8230;&#8230;&#8230;&#8230;&#8230;&#8230;&#8230;&#8230;&#8230;&#8230;1,520 \u00b1 0,10 (p\/ cor branca) &#8211; Viscosidade&#8230;&#8230;&#8230;&#8230;&#8230;&#8230;&#8230;&#8230;&#8230;.92-124 Ku (25\u00baC) &#8211; Cor&#8230;&#8230;&#8230;&#8230;&#8230;&#8230;&#8230;&#8230;&#8230;&#8230;&#8230;&#8230;&#8230;&#8230;Branca, as do cat\u00e1logo e outras &#8211; Acabamento&#8230;&#8230;&#8230;&#8230;&#8230;&#8230;&#8230;&#8230;&#8230;.Mate &#8211; Secagem ao tacto&#8230;&#8230;&#8230;&#8230;&#8230;&#8230;..\u00b1 1 hora &#8211; [&hellip;]<\/p>\n","protected":false},"author":2,"featured_media":0,"parent":0,"menu_order":0,"comment_status":"closed","ping_status":"closed","template":"","meta":{"_et_pb_use_builder":"on","_et_pb_old_content":"","_et_gb_content_width":"","footnotes":""},"class_list":["post-1218","page","type-page","status-publish","hentry"],"_links":{"self":[{"href":"https:\/\/www.marquesmater.pt\/novo\/wp-json\/wp\/v2\/pages\/1218","targetHints":{"allow":["GET"]}}],"collection":[{"href":"https:\/\/www.marquesmater.pt\/novo\/wp-json\/wp\/v2\/pages"}],"about":[{"href":"https:\/\/www.marquesmater.pt\/novo\/wp-json\/wp\/v2\/types\/page"}],"author":[{"embeddable":true,"href":"https:\/\/www.marquesmater.pt\/novo\/wp-json\/wp\/v2\/users\/2"}],"replies":[{"embeddable":true,"href":"https:\/\/www.marquesmater.pt\/novo\/wp-json\/wp\/v2\/comments?post=1218"}],"version-history":[{"count":4,"href":"https:\/\/www.marquesmater.pt\/novo\/wp-json\/wp\/v2\/pages\/1218\/revisions"}],"predecessor-version":[{"id":1239,"href":"https:\/\/www.marquesmater.pt\/novo\/wp-json\/wp\/v2\/pages\/1218\/revisions\/1239"}],"wp:attachment":[{"href":"https:\/\/www.marquesmater.pt\/novo\/wp-json\/wp\/v2\/media?parent=1218"}],"curies":[{"name":"wp","href":"https:\/\/api.w.org\/{rel}","templated":true}]}}