{"id":116,"date":"2018-05-24T16:33:59","date_gmt":"2018-05-24T16:33:59","guid":{"rendered":"http:\/\/www.marquesmater.pt\/novo\/?page_id=116"},"modified":"2018-08-23T15:56:39","modified_gmt":"2018-08-23T15:56:39","slug":"politica-de-privacidade","status":"publish","type":"page","link":"https:\/\/www.marquesmater.pt\/novo\/politica-de-privacidade\/","title":{"rendered":"Pol\u00edtica de Privacidade"},"content":{"rendered":"<p>[et_pb_section bb_built=&#8221;1&#8243;][et_pb_row][et_pb_column type=&#8221;4_4&#8243;][et_pb_text _builder_version=&#8221;3.12.2&#8243;]<\/p>\n<h3>Pol\u00edtica de Privacidade<\/h3>\n<h4>1. A prote\u00e7\u00e3o da privacidade e dos dados pessoais \u00e9 um compromisso da MARQUESMATER-MATERIAIS DE CONSTRU\u00c7\u00c3O E PINTURAS, LDA.<\/h4>\n<p>A prote\u00e7\u00e3o da privacidade e dos dados pessoais constitui um compromisso fundamental da MARQUESMATER-MATERIAIS DE CONSTRU\u00c7\u00c3O E PINTURAS, LDA, para com o titular de dados pessoais (tamb\u00e9m, \u00abtitular\u00bb) que utiliza as plataformas digitais e os servi\u00e7os MARQUESMATER-MATERIAIS DE CONSTRU\u00c7\u00c3O E PINTURAS, LDA.<\/p>\n<p>Com a aplica\u00e7\u00e3o do novo&nbsp;<a href=\"https:\/\/eur-lex.europa.eu\/legal-content\/PT\/TXT\/PDF\/?uri=CELEX:32016R0679&amp;from=PT\">Regulamento Geral sobre a Prote\u00e7\u00e3o de Dados (RGPD)<\/a>, a partir de 25 de maio de 2018, a MARQUESMATER-MATERIAIS DE CONSTRU\u00c7\u00c3O E PINTURAS, LDA vem manifestar que se mant\u00e9m fortemente empenhada e comprometida na prote\u00e7\u00e3o da privacidade e dos dados pessoais do respetivo titular que utiliza as plataformas digitais e os servi\u00e7os MARQUESMATER-MATERIAIS DE CONSTRU\u00c7\u00c3O E PINTURAS, LDA e procede, nessa medida, \u00e0 atualiza\u00e7\u00e3o da sua Pol\u00edtica de Privacidade, em conformidade com todos os princ\u00edpios e normas da prote\u00e7\u00e3o de dados que sustentam o RGPD.<\/p>\n<p>No presente documento, procuramos explicar que dados pessoais recolhemos, para que finalidades os podemos usar, como os tratamos, com quem os partilhamos, durante quanto tempo os conservamos, bem como as formas de entrar em contacto connosco e de exercer os seus direitos.<\/p>\n<p>A MARQUESMATER-MATERIAIS DE CONSTRU\u00c7\u00c3O E PINTURAS, LDA sugere e convida \u00e0 consulta das p\u00e1ginas dedicadas \u00e0 privacidade e \u00e0 prote\u00e7\u00e3o dos dados pessoais, cujas atualiza\u00e7\u00f5es ser\u00e3o disponibilizadas nas plataformas digitais daMARQUESMATER-MATERIAIS DE CONSTRU\u00c7\u00c3O E PINTURAS, LDA.<\/p>\n<h4>2. Regulamento Geral sobre a Prote\u00e7\u00e3o de Dados<\/h4>\n<p>O novo RGPD estabelece as regras relativas ao tratamento, por uma pessoa, uma empresa ou uma organiza\u00e7\u00e3o, de dados pessoais relativos a pessoas na Uni\u00e3o Europeia (UE).<\/p>\n<p>O RGPD protege os dados pessoais independentemente da tecnologia utilizada para o tratamento desses dados, a prote\u00e7\u00e3o \u00e9 neutra em termos tecnol\u00f3gicos, e aplica-se tanto ao tratamento automatizado como ao tratamento manual, desde que os dados sejam organizados de acordo com crit\u00e9rios pr\u00e9 definidos (por exemplo, por ordem alfab\u00e9tica). Tamb\u00e9m \u00e9 irrelevante o modo como os dados s\u00e3o armazenados, num sistema inform\u00e1tico, atrav\u00e9s de videovigil\u00e2ncia, ou em papel; em todos estes casos, os dados pessoais est\u00e3o sujeitos aos requisitos de prote\u00e7\u00e3o previstos no RGPD.<\/p>\n<h4>3. Quem \u00e9 o respons\u00e1vel pelo tratamento de dados?<\/h4>\n<p>A MARQUESMATER-MATERIAIS DE CONSTRU\u00c7\u00c3O E PINTURAS, LDA, sociedade por quotas, com sede na Rua Sociedade Filarm\u00f3nica, Edif\u00edcio Estrada Nova R\/C, 3105-165 Louri\u00e7al, com n\u00famero \u00fanico de matr\u00edcula na Conservat\u00f3ria do Registo Comercial de Pombal e de pessoa coletiva 501881697, com o capital Social de \u20ac 120.000,00 (cento e vinte mil euros), \u00e9 a respons\u00e1vel pelo tratamento de dados pessoais, no \u00e2mbito do RGPD.<\/p>\n<h4>4. Encarregado da Prote\u00e7\u00e3o de Dados<\/h4>\n<p>A MARQUESMATER-MATERIAIS DE CONSTRU\u00c7\u00c3O E PINTURAS, LDA n\u00e3o tem um Encarregado da Prote\u00e7\u00e3o de Dados (EPD ou&nbsp;<em>Data ProtectionOfficer<\/em>).<\/p>\n<h4>5. Tratamento de dados pessoais, \u00e2mbito e altera\u00e7\u00e3o da Pol\u00edtica de Privacidade<\/h4>\n<p>Ao disponibilizar os seus dados pessoais \u00e0 MARQUESMATER-MATERIAIS DE CONSTRU\u00c7\u00c3O E PINTURAS, LDA, o titular de dados pessoais consente que os mesmos sejam tratados de acordo com a presente Pol\u00edtica de Privacidade e com as regras e princ\u00edpios constantes dos Termos e Condi\u00e7\u00f5es das Plataformas Digitais MARQUESMATER-MATERIAIS DE CONSTRU\u00c7\u00c3O E PINTURAS, LDA.<\/p>\n<p>A presente Pol\u00edtica de Privacidade aplica-se aos dados que tenham sido diretamente fornecidos pelo respetivo titular ou recolhidos em acessos do titular \u00e0s plataformas digitais e nos servi\u00e7os MARQUESMATER-MATERIAIS DE CONSTRU\u00c7\u00c3O E PINTURAS, LDA. Assim, alerta-se para que as plataformas digitais e os servi\u00e7os MARQUESMATER-MATERIAIS DE CONSTRU\u00c7\u00c3O E PINTURAS, LDA t\u00eam links (hiperliga\u00e7\u00f5es) para outras plataformas digitais e remetem para conte\u00fados de terceiros que n\u00e3o est\u00e3o abrangidos pela Pol\u00edtica de Privacidade da MARQUESMATER-MATERIAIS DE CONSTRU\u00c7\u00c3O E PINTURAS, LDA, pelo que \u00e9 aconselh\u00e1vel que sempre que o titular de dados pessoais navegue nessas plataformas se informe do conte\u00fado das respetivas pol\u00edticas de privacidade, bem como dos termos e condi\u00e7\u00f5es aplic\u00e1veis.<\/p>\n<p>A MARQUESMATER-MATERIAIS DE CONSTRU\u00c7\u00c3O E PINTURAS, LDA reserva-se o direito de alterar a sua Pol\u00edtica de Privacidade, pelo que aconselhamos a consulta regular do presente documento, bem como dos Termos e Condi\u00e7\u00f5es das Plataformas Digitais MARQUESMATER-MATERIAIS DE CONSTRU\u00c7\u00c3O E PINTURAS, LDA. Caso a Pol\u00edtica de Privacidade seja alterada, colocaremos um aviso nas nossas plataformas digitais.<\/p>\n<h4> 6. Que tipo de informa\u00e7\u00e3o \u00e9 que a MARQUESMATER-MATERIAIS DE CONSTRU\u00c7\u00c3O E PINTURAS, LDA. recolhe?<\/h4>\n<p>A MARQUESMATER-MATERIAIS DE CONSTRU\u00c7\u00c3O E PINTURAS, LDA recolhe dois g\u00e9neros de informa\u00e7\u00e3o: informa\u00e7\u00e3o pessoal e informa\u00e7\u00e3o an\u00f3nima. A informa\u00e7\u00e3o an\u00f3nima ocorre enquanto o titular de dados pessoais visita as plataformas digitais e tem como objetivo melhorar o funcionamento do mesmo, incluindo a gest\u00e3o e a prioriza\u00e7\u00e3o de conte\u00fados. A informa\u00e7\u00e3o pessoal \u00e9 fornecida voluntariamente pelo titular de dados pessoais aquando do registo facultativo. Todos os dados recolhidos s\u00e3o processados de forma autom\u00e1tica, sendo que a informa\u00e7\u00e3o recolhida do titular de dados pessoais \u00e9 encriptada e gerida com seguran\u00e7a avan\u00e7ada.<\/p>\n<p>O registo serve para o titular de dados pessoais aceder aos servi\u00e7os de subscri\u00e7\u00e3o de newsletters MARQUESMATER-MATERIAIS DE CONSTRU\u00c7\u00c3O E PINTURAS, LDA, coment\u00e1rios e outras funcionalidades disponibilizadas pela MARQUESMATER-MATERIAIS DE CONSTRU\u00c7\u00c3O E PINTURAS, LDA.<\/p>\n<p>Para prestar determinados servi\u00e7os, a MARQUESMATER-MATERIAIS DE CONSTRU\u00c7\u00c3O E PINTURAS, LDA pode ter de tornar informa\u00e7\u00e3o pessoal e an\u00f3nima dispon\u00edvel a terceiros. Isto s\u00f3 acontecer\u00e1, contudo, nestas circunst\u00e2ncias espec\u00edficas:<\/p>\n<ol>\n<li>Com o consentimento expresso do titular de dados pessoais;<\/li>\n<li>Quando de boa-f\u00e9 acreditamos ser requerido por lei;<\/li>\n<li>Quando de boa-f\u00e9 acreditamos que decorre de estipula\u00e7\u00e3o contratual;<\/li>\n<li>Quando de boa-f\u00e9 acreditamos ser necess\u00e1rio para proteger os nossos direitos ou propriedade;<\/li>\n<li>Quando h\u00e1 transmiss\u00e3o a algum sucessor ou comprador, numa fus\u00e3o, aquisi\u00e7\u00e3o, liquida\u00e7\u00e3o, dissolu\u00e7\u00e3o ou venda de ativos.<\/li>\n<\/ol>\n<p>O consentimento do titular de dados pessoais n\u00e3o ser\u00e1 requerido para divulga\u00e7\u00e3o nas situa\u00e7\u00f5es referidas nas al\u00edneas b) a e). Em qualquer situa\u00e7\u00e3o, procuraremos notific\u00e1-lo na medida em que tal seja permitido por lei.<\/p>\n<h4>7. O que s\u00e3o dados pessoais?<\/h4>\n<p>Dados pessoais s\u00e3o informa\u00e7\u00e3o relativa a uma pessoa identificada ou identific\u00e1vel. \u00c9 considerada identific\u00e1vel a pessoa que possa ser identificada direta ou indiretamente. Tamb\u00e9m constituem dados pessoais o conjunto de informa\u00e7\u00f5es distintas que podem levar \u00e0 identifica\u00e7\u00e3o de uma determinada pessoa.<\/p>\n<p>Exemplos de dados pessoais:<\/p>\n<ul>\n<li>Nome e apelido;<\/li>\n<li>Endere\u00e7o de uma resid\u00eancia;<\/li>\n<li>Endere\u00e7o de correio eletr\u00f3nico;<\/li>\n<li>N\u00famero de um cart\u00e3o de identifica\u00e7\u00e3o;<\/li>\n<li>Dados de localiza\u00e7\u00e3o (por exemplo, a fun\u00e7\u00e3o de dados de localiza\u00e7\u00e3o num telem\u00f3vel);<\/li>\n<li>Endere\u00e7o IP (protocolo de internet);<\/li>\n<li>Cookies;<\/li>\n<li>Identificador de publicidade do seu telefone;<\/li>\n<li>Som ou imagem.<\/li>\n<\/ul>\n<h4>8. Quem \u00e9 o titular de dados pessoais?<\/h4>\n<p>O titular de dados pessoais \u00e9 a pessoa singular a quem os dados dizem respeito e que utilizou as plataformas digitais e os servi\u00e7os daMARQUESMATER-MATERIAIS DE CONSTRU\u00c7\u00c3O E PINTURAS, LDA.<\/p>\n<h4>9. Categorias de dados pessoais<\/h4>\n<p>Exemplos (n\u00e3o exaustivo):<\/p>\n<table width=\"567\">\n<tbody>\n<tr>\n<td><strong>TIPOS<\/strong><\/td>\n<td><strong>DADOS<\/strong><\/td>\n<\/tr>\n<tr>\n<td>Identificativos principais<\/td>\n<td>Nome, n.\u00ba de Identifica\u00e7\u00e3o civil ou fiscal, n.\u00ba de Passaporte, data de nascimento, estado civil, morada, telefone, endere\u00e7o de e-mail, nacionalidade, fotografias e ficheiros do dispositivo m\u00f3vel, dados relativos ao agregado familiar, dados relativos ao parentesco.<\/td>\n<\/tr>\n<tr>\n<td>Identificativos complementares<\/td>\n<td>IBAN, geo-localiza\u00e7\u00e3o, grau de escolaridade, g\u00e9nero, profiss\u00e3o, dados s\u00f3cio-econ\u00f3micos, ID pessoal, endere\u00e7o IP, endere\u00e7os de redes sociais, tipo de dispositivo m\u00f3vel, sistema operativo, vers\u00e3o do sistema operativo.<\/td>\n<\/tr>\n<tr>\n<td>Prote\u00e7\u00e3o especial<\/td>\n<td>Dados pessoais de menores de 16 anos.<\/td>\n<\/tr>\n<\/tbody>\n<\/table>\n<h4> 10. Para que finalidades a MARQUESMATER-MATERIAIS DE CONSTRU\u00c7\u00c3O E PINTURAS, LDA. trata os seus dados pessoais?<\/h4>\n<p>Exemplos (n\u00e3o exaustivo):<\/p>\n<p>&#8211; Gerir e processar o registo de clientes ou utilizadores da web, e tamb\u00e9m os produtos e servi\u00e7os contratados pelos mesmos.<\/p>\n<p>&#8211; Atribuir comunica\u00e7\u00f5es comerciais e publicit\u00e1rias da empresa atrav\u00e9s dos diferentes meios, incluindo os eletr\u00f3nicos.<\/p>\n<p>&#8211; Quando um utilizadoradquire atrav\u00e9s dasplataformas digitais um produto ou servi\u00e7os \u00e0 MARQUESMATER-MATERIAIS DE CONSTRU\u00c7\u00c3O E PINTURAS, LDA os dados ser\u00e3o utilizados para processar o pedido de compra, informar o comprador do estado do seu pedido, os incidentes que possam surgir em rela\u00e7\u00e3o a sua ordem, gerir o processo de cobran\u00e7a e entrega do pedido ou qualquer outro contato que seja necess\u00e1rio para cumprir o final do contrato de compra efetuado pelo comprador.<\/p>\n<p>&#8211; Da mesma forma, os dados fornecidos pelo utilizador ser\u00e3o utilizados para a empresa MARQUESMATER-MATERIAIS DE CONSTRU\u00c7\u00c3O E PINTURAS, LDA para responder a quaisquer d\u00favidas, reclama\u00e7\u00f5es ou sugest\u00f5es atrav\u00e9s do site, e-mail, contato telef\u00f3nico ou atrav\u00e9s do aplicativo WhatsApp e at\u00e9 mesmo atrav\u00e9s de redes sociais.<\/p>\n<p>&#8211; Criar um perfil da parte interessada para que receba comunica\u00e7\u00f5es comerciais que se ajustem da melhor forma poss\u00edvel \u00e0s suas prefer\u00eancias.<\/p>\n<p>&#8211; Controlo de acesso \u00e0s instala\u00e7\u00f5es, seguran\u00e7a nos edif\u00edcios por t\u00e9cnicos especializados, videovigil\u00e2ncia.<\/p>\n<p>Solicitaremos o seu consentimento expresso antes de utilizarmos as informa\u00e7\u00f5es para finalidades diferentes daquelas expressamente previstas na presente Pol\u00edtica de Privacidade.<\/p>\n<h4>11. Quando e como recolhemos os seus dados pessoais?<\/h4>\n<p>Recolhemos os dados pessoais, nomeadamente, quando adquire produtos ou servi\u00e7os da MARQUESMATER-MATERIAIS DE CONSTRU\u00c7\u00c3O E PINTURAS, LDA. A recolha pode ser feita oralmente (presencialmente nas nossas instala\u00e7\u00f5es ou atrav\u00e9s de chamada telef\u00f3nica), por escrito ou atrav\u00e9s das plataformas digitais da MARQUESMATER-MATERIAIS DE CONSTRU\u00c7\u00c3O E PINTURAS, LDA.<\/p>\n<h4> 12. Qual \u00e9 a base para o tratamento dos seus dados pessoais?<\/h4>\n<p>Consentimento<\/p>\n<p>O seu consentimento ter\u00e1 de ser expresso \u2013 por escrito, oralmente ou atrav\u00e9s da valida\u00e7\u00e3o de uma op\u00e7\u00e3o \u2013 e pr\u00e9vio, prestado de forma livre, informada, espec\u00edfica e inequ\u00edvoca.<br \/>\nComo exemplos: o seu consentimento para a MARQUESMATER-MATERIAIS DE CONSTRU\u00c7\u00c3O E PINTURAS, LDA analisar a utiliza\u00e7\u00e3o dos servi\u00e7os e perfil de consumo ou para que possamos utilizar a grava\u00e7\u00e3o das chamadas que efetua para a nossa linhas de atendimento; ou<\/p>\n<p>Em espec\u00edfico: consentimento por menores&nbsp; de 16 anos<\/p>\n<p>No caso de tratamento de dados pessoais de menores de 16 anos, que possam estar sujeitos a consentimento pr\u00e9vio, a MARQUESMATER-MATERIAIS DE CONSTRU\u00c7\u00c3O E PINTURAS, LDA exigir\u00e1 que seja prestado consentimento por parte dos titulares das responsabilidades parentais, designadamente para efeitos de aquisi\u00e7\u00e3o de produtos ou servi\u00e7os.<\/p>\n<p>Execu\u00e7\u00e3o de contrato e dilig\u00eancias pr\u00e9-contratuais<\/p>\n<p>Quando o tratamento de dados pessoais seja necess\u00e1rio para a celebra\u00e7\u00e3o, execu\u00e7\u00e3o e gest\u00e3o de contrato celebrado com a MARQUESMATER-MATERIAIS DE CONSTRU\u00c7\u00c3O E PINTURAS, LDA, como por exemplo para aquisi\u00e7\u00e3o de produtos ou servi\u00e7os; ou<\/p>\n<p>Cumprimento de obriga\u00e7\u00e3o legal<\/p>\n<p>Quando o tratamento de dados pessoais seja necess\u00e1rio para cumprir uma obriga\u00e7\u00e3o legal a que a MARQUESMATER-MATERIAIS DE CONSTRU\u00c7\u00c3O E PINTURAS, LDA. esteja sujeita, como, por exemplo, a comunica\u00e7\u00e3o de dados de identifica\u00e7\u00e3o ou de tr\u00e1fego a entidades policiais, judiciais, fiscais ou reguladoras ou de dados de localiza\u00e7\u00e3o para assegurar servi\u00e7os de emerg\u00eancia; ou<\/p>\n<p>Interesse leg\u00edtimo<\/p>\n<p>O tratamento de dados pessoais pela MARQUESMATER-MATERIAIS DE CONSTRU\u00c7\u00c3O E PINTURAS, LDA. pode ser justificado por motivos de interesse leg\u00edtimo relacionados com a execu\u00e7\u00e3o das tarefas relacionadas com a sua atividade enquanto empresa, como por exemplo o tratamento de dados para melhoria de qualidade de servi\u00e7o, a dete\u00e7\u00e3o de fraude e prote\u00e7\u00e3o de receita e quando os nossos motivos para a sua utiliza\u00e7\u00e3o devam prevalecer sobre os seus direitos de prote\u00e7\u00e3o de dados.<\/p>\n<h4>13. Durante quanto tempo a MARQUESMATER-MATERIAIS DE CONSTRU\u00c7\u00c3O E PINTURAS, LDA. trata e conserva os seus dados pessoais?<\/h4>\n<p>A MARQUESMATER-MATERIAIS DE CONSTRU\u00c7\u00c3O E PINTURAS, LDA trata e conserva os seus dados pessoais conforme as finalidades para que os mesmos s\u00e3o tratados e apenas pelo per\u00edodo de tempo necess\u00e1rio para o cumprimento das finalidades que motivaram a sua recolha e conserva\u00e7\u00e3o, e sempre de acordo com a lei, as orienta\u00e7\u00f5es e as decis\u00f5es da CNPD, ou, consoante o que for aplic\u00e1vel, at\u00e9 que exer\u00e7a o seu direito de oposi\u00e7\u00e3o, direito a ser esquecido ou retire o consentimento.<\/p>\n<p>H\u00e1 situa\u00e7\u00f5es em que a lei determina a conserva\u00e7\u00e3o dos dados por um per\u00edodo de tempo m\u00ednimo, designadamente: por um ano, os dados de tr\u00e1fego e localiza\u00e7\u00e3o para efeitos de investiga\u00e7\u00e3o, dete\u00e7\u00e3o e repress\u00e3o de crimes graves ou por 10 anos os dados necess\u00e1rios para informa\u00e7\u00e3o \u00e0 Autoridade Tribut\u00e1ria.<\/p>\n<p>Depois de decorrido o respetivo per\u00edodo de conserva\u00e7\u00e3o, a MARQUESMATER-MATERIAIS DE CONSTRU\u00c7\u00c3O E PINTURAS, LDA eliminar\u00e1 ou anonimizar\u00e1 os dados sempre que os mesmos n\u00e3o devam ser conservados para finalidade distinta que possa subsistir.<\/p>\n<h4>14. Direitos do titular de dados pessoais<\/h4>\n<p>O titular de dados pessoais tem direitos de informa\u00e7\u00e3o, acesso e retifica\u00e7\u00e3o ou apagamento de dados pessoais e o direito \u00e0 portabilidade dos dados, ao direito de limitar ou opor ao tratamento dos seus dados, no \u00e2mbito e nos termos do RGPD e da demais legisla\u00e7\u00e3o aplic\u00e1vel.<\/p>\n<p>O titular poder\u00e1 retirar, a todo o tempo, o consentimento que tenha dado para o tratamento dos seus dados pessoais, no enquadramento do RGPD. A revoga\u00e7\u00e3o do consentimento n\u00e3o afetar\u00e1 a licitude do tratamento dos dados pessoais que at\u00e9 aqui tenha sido efetuado, com base no consentimento que tenha previamente prestado.<\/p>\n<p>Tem tamb\u00e9m o direito de apresentar reclama\u00e7\u00e3o relativamente ao tratamento dos seus dados dirigida \u00e0 CNPD.<\/p>\n<p>Exer\u00e7a os seus direitos atrav\u00e9s dos seguintes contactos:<\/p>\n<p><strong>E-mail<br \/>\n<\/strong><a href=\"mailto:monicamarques@marquesmater.com\">monicamarques@marquesmater.com<\/a><\/p>\n<p><strong>Carta<br \/>\n<\/strong>MARQUESMATER-MATERIAIS DE CONSTRU\u00c7\u00c3O E PINTURAS, LDA, Rua Sociedade Filarm\u00f3nica, Edif\u00edcio Estrada Nova R\/C, 3105-165 Louri\u00e7al.<\/p>\n<p>O exerc\u00edcio dos direitos \u00e9 gratuito, exceto se se tratar de um pedido manifestamente infundado ou excessivo ou injustificadamente reiterado, caso em que poder\u00e1 ser cobrado um pre\u00e7orazo\u00e1vel tendo em conta os custos.<\/p>\n<p>A resposta aos pedidos dever\u00e1 ser prestada, sem demora injustificada, no prazo de um m\u00eas a contar da rece\u00e7\u00e3o do pedido, salvo se for um pedido especialmente complexo ou ocorrer em circunst\u00e2ncias excecionais. Esse prazo pode ser prorrogado at\u00e9 dois meses, quando for necess\u00e1rio, tendo em conta a complexidade do pedido e o n\u00famero de pedidos recebidos.<\/p>\n<p>No \u00e2mbito do seu pedido, poder\u00e1 ser-lhe pedido que fa\u00e7a prova da sua identidade de modo a assegurar que a partilha dos dados pessoais \u00e9 apenas feita com o respetivo titular.<\/p>\n<h4> 15. Transmiss\u00e3o de dados pessoais<\/h4>\n<p>A MarquesMater-Materiais de Constru\u00e7\u00e3o e Pinturas, Lda. n\u00e3o se dedica \u00e0 venda ou partilha de dados, pelo que nunca ir\u00e1 facultar os dados a entidades terceiras e estranhas aos contratos celebrados, sem o expresso consentimento dos utilizadores.<\/p>\n<p>No entanto, os dados pessoais podem ser transmitidos a subcontratantes para que estes os tratem em nome e por conta da MARQUESMATER-MATERIAIS DE CONSTRU\u00c7\u00c3O E PINTURAS, LDA. Neste caso, a MARQUESMATER-MATERIAIS DE CONSTRU\u00c7\u00c3O E PINTURAS, LDA tomar\u00e1 as medidas contratuais necess\u00e1rias para procurar garantir que os subcontratantes respeitam e protegem os dados pessoais do titular.<\/p>\n<p>Os dados podem tamb\u00e9m ser transmitidos a terceiros \u2013 entidades distintas da MARQUESMATER-MATERIAIS DE CONSTRU\u00c7\u00c3O E PINTURAS, LDA ou dos subcontratantes \u2013 como por exemplo empresas com quem a MARQUESMATER-MATERIAIS DE CONSTRU\u00c7\u00c3O E PINTURAS, LDA desenvolva parcerias, no caso de o titular ter expressamente consentido \u2013 ou entidades a quem os dados tenham de ser comunicados por for\u00e7a da lei, como a Autoridade Tribut\u00e1ria, autoridades judici\u00e1rias, \u00f3rg\u00e3os de pol\u00edcia criminal, entre outras.<\/p>\n<p>A MARQUESMATER-MATERIAIS DE CONSTRU\u00c7\u00c3O E PINTURAS, LDA pode ter de, ocasionalmente, transferir os seus dados pessoais para um pa\u00eds terceiro fora do espa\u00e7o da UE e que n\u00e3o integre a lista de pa\u00edses que a UE j\u00e1 considerou reunir n\u00edveis de prote\u00e7\u00e3o dos dados pessoais adequados. Nesses casos, a MARQUESMATER-MATERIAIS DE CONSTRU\u00c7\u00c3O E PINTURAS, LDA assegurar\u00e1 que as transfer\u00eancias de dados se realizam no estrito cumprimento das normas legais aplic\u00e1veis.<\/p>\n<h4> 16. Responsabilidade sobre plataformas digitais e servi\u00e7os da MARQUESMATER-MATERIAIS DE CONSTRU\u00c7\u00c3O E PINTURAS, LDA e de terceiros<\/h4>\n<p>Sobre a utiliza\u00e7\u00e3o e o tratamento de dados pessoais das plataformas digitais da MARQUESMATER-MATERIAIS DE CONSTRU\u00c7\u00c3O E PINTURAS, LDA, consulte, por favor, a&nbsp;<a href=\"https:\/\/www.marquesmater.pt\/novo\/politica-de-cookies\/\">Pol\u00edtica de Cookies<\/a>&nbsp;da MARQUESMATER-MATERIAIS DE CONSTRU\u00c7\u00c3O E PINTURAS, LDA.<\/p>\n<p>A MARQUESMATER-MATERIAIS DE CONSTRU\u00c7\u00c3O E PINTURAS, LDA n\u00e3o se responsabiliza pelo conte\u00fado acedido atrav\u00e9s de qualquer link que leve o titular de dados pessoais a navegar fora das plataformas digitais daMARQUESMATER-MATERIAIS DE CONSTRU\u00c7\u00c3O E PINTURAS, LDA. e pelo tratamento de dados pessoais nestes efetuado, sempre que tais links sejam da responsabilidade de terceiros. Os s\u00edtios da internet e conte\u00fados de terceiros n\u00e3o s\u00e3o objeto da presente Pol\u00edtica de Privacidade, pelo que aconselhamos que sempre que navegue nesses s\u00edtios procure e leia as pol\u00edticas de privacidade, bem como os termos e condi\u00e7\u00f5es aplic\u00e1veis.<\/p>\n<h4>17. Quais os procedimentos de seguran\u00e7a que garantem a prote\u00e7\u00e3o dos seus dados?<\/h4>\n<p>A MARQUESMATER-MATERIAIS DE CONSTRU\u00c7\u00c3O E PINTURAS, LDA toma todas as precau\u00e7\u00f5es necess\u00e1rias e legalmente exigidas no sentido de garantir a privacidade dos dados pessoais tratados e\/ou transmitidos atrav\u00e9s das suas plataformas digitais. Estas precau\u00e7\u00f5es garantem a seguran\u00e7a online e offline dessa informa\u00e7\u00e3o.<\/p>\n<p>Sempre que seja recolhida ou utilizada informa\u00e7\u00e3o sens\u00edvel, os dados ser\u00e3o encriptados atrav\u00e9s do protocolo SSL. Esta tecnologia designada de Secure SocketLayer \u00e9 utilizada para melhorar a seguran\u00e7a da transmiss\u00e3o de dados atrav\u00e9s da Internet, encriptando e protegendo dados e informa\u00e7\u00e3o sens\u00edvel com recurso ao protocolo HTTPS. O SSL garante ao titular de dados pessoais que os dados n\u00e3o ser\u00e3o intercetados de forma fraudulenta e que toda a informa\u00e7\u00e3o \u00e9 tratada com o m\u00e1ximo de seguran\u00e7a.<\/p>\n<h4> 18. D\u00favidas?<\/h4>\n<p>Se tiver qualquer d\u00favida sobre algum dos temas abordado no presente documento, agradecemos que nos contacte para:<\/p>\n<p><strong>E-mail<\/strong><br \/>\n<a href=\"mailto:monicamarques@marquesmater.com\">monicamarques@marquesmater.com<\/a><\/p>\n<p><strong>Carta<\/strong><br \/>\nMARQUESMATER-MATERIAIS DE CONSTRU\u00c7\u00c3O E PINTURAS, LDA, Rua Sociedade Filarm\u00f3nica, Edif\u00edcio Estrada Nova R\/C, 3105-165 Louri\u00e7al.<\/p>\n<p>\u00daltima atualiza\u00e7\u00e3o: 03 de Agosto de 2018.<\/p>\n<p>\u2013<br \/>\n<a href=\"https:\/\/eur-lex.europa.eu\/legal-content\/PT\/TXT\/PDF\/?uri=CELEX:32016R0679&amp;from=PT\">Regulamento Geral sobre a Prote\u00e7\u00e3o de Dados (RGPD)<\/a>: Regulamento (UE) 2016\/679 do Parlamento Europeu e do Conselho, de 27 de abril de 2016, relativo \u00e0 prote\u00e7\u00e3o das pessoas singulares no que diz respeito ao tratamento de dados pessoais e \u00e0 livre circula\u00e7\u00e3o desses dados e que revoga a Diretiva 95\/46\/CE (Regulamento Geral sobre a Prote\u00e7\u00e3o de Dados) (JO L 119 de 4.5.2016).<\/p>\n<p>[\/et_pb_text][\/et_pb_column][\/et_pb_row][\/et_pb_section]<\/p>\n","protected":false},"excerpt":{"rendered":"<p><div class=\"et_pb_row et_pb_row_0 et_pb_row_empty\">\n\t\t\t\t\n\t\t\t\t\n\t\t\t\t\n\t\t\t\t\n\t\t\t\t\n\t\t\t<\/div> Pol\u00edtica de Privacidade 1. A prote\u00e7\u00e3o da privacidade e dos dados pessoais \u00e9 um compromisso da MARQUESMATER-MATERIAIS DE CONSTRU\u00c7\u00c3O E PINTURAS, LDA. A prote\u00e7\u00e3o da privacidade e dos dados pessoais constitui um compromisso fundamental da MARQUESMATER-MATERIAIS DE CONSTRU\u00c7\u00c3O E PINTURAS, LDA, para com o titular de dados pessoais (tamb\u00e9m, \u00abtitular\u00bb) que utiliza as plataformas [&hellip;]<\/p>\n","protected":false},"author":2,"featured_media":0,"parent":0,"menu_order":0,"comment_status":"closed","ping_status":"closed","template":"","meta":{"_et_pb_use_builder":"on","_et_pb_old_content":"","_et_gb_content_width":"","footnotes":""},"class_list":["post-116","page","type-page","status-publish","hentry"],"_links":{"self":[{"href":"https:\/\/www.marquesmater.pt\/novo\/wp-json\/wp\/v2\/pages\/116","targetHints":{"allow":["GET"]}}],"collection":[{"href":"https:\/\/www.marquesmater.pt\/novo\/wp-json\/wp\/v2\/pages"}],"about":[{"href":"https:\/\/www.marquesmater.pt\/novo\/wp-json\/wp\/v2\/types\/page"}],"author":[{"embeddable":true,"href":"https:\/\/www.marquesmater.pt\/novo\/wp-json\/wp\/v2\/users\/2"}],"replies":[{"embeddable":true,"href":"https:\/\/www.marquesmater.pt\/novo\/wp-json\/wp\/v2\/comments?post=116"}],"version-history":[{"count":11,"href":"https:\/\/www.marquesmater.pt\/novo\/wp-json\/wp\/v2\/pages\/116\/revisions"}],"predecessor-version":[{"id":1295,"href":"https:\/\/www.marquesmater.pt\/novo\/wp-json\/wp\/v2\/pages\/116\/revisions\/1295"}],"wp:attachment":[{"href":"https:\/\/www.marquesmater.pt\/novo\/wp-json\/wp\/v2\/media?parent=116"}],"curies":[{"name":"wp","href":"https:\/\/api.w.org\/{rel}","templated":true}]}}